{"id":8619,"date":"2023-03-16T13:08:31","date_gmt":"2023-03-16T13:08:31","guid":{"rendered":"https:\/\/fkw-spiroflux.com\/profile\/"},"modified":"2023-05-04T13:30:18","modified_gmt":"2023-05-04T13:30:18","slug":"profile","status":"publish","type":"page","link":"https:\/\/fkw-spiroflux.com\/en\/profile\/","title":{"rendered":"Profil"},"content":{"rendered":"\t\t<div data-elementor-type=\"wp-page\" data-elementor-id=\"8619\" class=\"elementor elementor-8619 elementor-7643\">\n\t\t\t\t\t\t\t\t\t<section class=\"elementor-section elementor-top-section elementor-element elementor-element-04baa81 elementor-section-boxed elementor-section-height-default elementor-section-height-default\" data-id=\"04baa81\" data-element_type=\"section\">\n\t\t\t\t\t\t<div class=\"elementor-container elementor-column-gap-default\">\n\t\t\t\t\t<div class=\"elementor-column elementor-col-50 elementor-top-column elementor-element elementor-element-211eaf9\" data-id=\"211eaf9\" data-element_type=\"column\">\n\t\t\t<div class=\"elementor-widget-wrap elementor-element-populated\">\n\t\t\t\t\t\t\t\t<div class=\"elementor-element elementor-element-f8458b8 elementor-align-center elementor-widget elementor-widget-button\" data-id=\"f8458b8\" data-element_type=\"widget\" data-widget_type=\"button.default\">\n\t\t\t\t<div class=\"elementor-widget-container\">\n\t\t\t\t\t<div class=\"elementor-button-wrapper\">\n\t\t\t<a href=\"\/en\/logout\" class=\"elementor-button-link elementor-button elementor-size-lg elementor-animation-pulse\" role=\"button\">\n\t\t\t\t\t\t<span class=\"elementor-button-content-wrapper\">\n\t\t\t\t\t\t\t<span class=\"elementor-button-icon elementor-align-icon-right\">\n\t\t\t\t<i aria-hidden=\"true\" class=\"fas fa-sign-out-alt\"><\/i>\t\t\t<\/span>\n\t\t\t\t\t\t<span class=\"elementor-button-text\">Logout<\/span>\n\t\t<\/span>\n\t\t\t\t\t<\/a>\n\t\t<\/div>\n\t\t\t\t<\/div>\n\t\t\t\t<\/div>\n\t\t\t\t\t<\/div>\n\t\t<\/div>\n\t\t\t\t<div class=\"elementor-column elementor-col-50 elementor-top-column elementor-element elementor-element-20b8379\" data-id=\"20b8379\" data-element_type=\"column\">\n\t\t\t<div class=\"elementor-widget-wrap elementor-element-populated\">\n\t\t\t\t\t\t\t\t<div class=\"elementor-element elementor-element-7ef5b39 elementor-align-center elementor-widget elementor-widget-button\" data-id=\"7ef5b39\" data-element_type=\"widget\" data-widget_type=\"button.default\">\n\t\t\t\t<div class=\"elementor-widget-container\">\n\t\t\t\t\t<div class=\"elementor-button-wrapper\">\n\t\t\t<a href=\"\/en\/demandes-devis\" class=\"elementor-button-link elementor-button elementor-size-lg elementor-animation-pulse\" role=\"button\">\n\t\t\t\t\t\t<span class=\"elementor-button-content-wrapper\">\n\t\t\t\t\t\t\t<span class=\"elementor-button-icon elementor-align-icon-right\">\n\t\t\t\t<i aria-hidden=\"true\" class=\"far fa-arrow-alt-circle-right\"><\/i>\t\t\t<\/span>\n\t\t\t\t\t\t<span class=\"elementor-button-text\">Previous quotations<\/span>\n\t\t<\/span>\n\t\t\t\t\t<\/a>\n\t\t<\/div>\n\t\t\t\t<\/div>\n\t\t\t\t<\/div>\n\t\t\t\t\t<\/div>\n\t\t<\/div>\n\t\t\t\t\t\t\t<\/div>\n\t\t<\/section>\n\t\t\t\t<section class=\"elementor-section elementor-top-section elementor-element elementor-element-696793cd elementor-section-boxed elementor-section-height-default elementor-section-height-default\" data-id=\"696793cd\" data-element_type=\"section\">\n\t\t\t\t\t\t<div class=\"elementor-container elementor-column-gap-default\">\n\t\t\t\t\t<div class=\"elementor-column elementor-col-100 elementor-top-column elementor-element elementor-element-70acca9c\" data-id=\"70acca9c\" data-element_type=\"column\">\n\t\t\t<div class=\"elementor-widget-wrap elementor-element-populated\">\n\t\t\t\t\t\t\t\t<div class=\"elementor-element elementor-element-3f41c86c elementor-widget elementor-widget-text-editor\" data-id=\"3f41c86c\" data-element_type=\"widget\" data-widget_type=\"text-editor.default\">\n\t\t\t\t<div class=\"elementor-widget-container\">\n\t\t\t<style>\/*! elementor - v3.9.2 - 21-12-2022 *\/\n.elementor-widget-text-editor.elementor-drop-cap-view-stacked .elementor-drop-cap{background-color:#818a91;color:#fff}.elementor-widget-text-editor.elementor-drop-cap-view-framed .elementor-drop-cap{color:#818a91;border:3px solid;background-color:transparent}.elementor-widget-text-editor:not(.elementor-drop-cap-view-default) .elementor-drop-cap{margin-top:8px}.elementor-widget-text-editor:not(.elementor-drop-cap-view-default) .elementor-drop-cap-letter{width:1em;height:1em}.elementor-widget-text-editor .elementor-drop-cap{float:left;text-align:center;line-height:1;font-size:50px}.elementor-widget-text-editor .elementor-drop-cap-letter{display:inline-block}<\/style>\t\t\t\t\n<p>Vous \u00eates connect\u00e9 allez \u00eatre redirig\u00e9 dans quelques secondes&#8230;<\/p><script>\r\n\t\t\t\/\/ Fonction de d\u00e9connexion et redirection\r\n\t\t\tfunction loginAndRedirect() {\r\n\t\t\t\t\/\/ Redirigez vers l'URL de d\u00e9connexion ou l'URL sp\u00e9cifi\u00e9e dans le shortcode\r\n\t\t\t\twindow.location.href = \"\/en\/\/login\";\r\n\t\t\t}\r\n\r\n\t\t\t\/\/ Redirigez apr\u00e8s un d\u00e9lai (en millisecondes)\r\n\t\t\tsetTimeout(loginAndRedirect, 0);\r\n\t\t<\/script><form method=\"post\" action=\"\" class=\"d-flex flex-column justify-content-between align-items-center\">\r\n            <h2>Donn\u00e9es Personnelles<\/h2>\r\n            <input type=\"hidden\" name=\"you_customer_update\" value=\"1\">\r\n            <div class=\"d-flex flex-row justify-content-between w-100\">\r\n                <div class=\"form-group w-50\">\r\n                    <label for=\"first_name\">Pr\u00e9nom<\/label>\r\n                    <input name=\"first_name\" type=\"text\" class=\"form-control\" required=\"required\" placeholder=\"Pr\u00e9nom\" value=\"\">\r\n                <\/div>\r\n                <div class=\"form-group w-50\">\r\n                    <label for=\"last_name\">Nom<\/label>\r\n                    <input name=\"last_name\" type=\"text\" class=\"form-control\" required=\"required\" placeholder=\"Nom\" value=\"\">\r\n                <\/div>\r\n            <\/div>\r\n            <div class=\"form-group w-100\">\r\n                <label for=\"address\">Adresse<\/label>\r\n                <input name=\"address\" type=\"text\" class=\"form-control\" required=\"required\" placeholder=\"N\u00b0 Nom de rue\" value=\"\">\r\n            <\/div>\r\n            <div class=\"d-flex flex-row justify-content-between w-100\">\r\n                <div class=\"form-group w-25\">\r\n                    <label for=\"postal_code\">Code postal<\/label>\r\n                    <input name=\"postal_code\" type=\"text\" class=\"form-control\" required=\"required\" placeholder=\"01234\" value=\"\">\r\n                <\/div>\r\n                <div class=\"form-group w-75\">\r\n                    <label for=\"city\">Ville<\/label>\r\n                    <input name=\"city\" type=\"text\" class=\"form-control\" required=\"required\" placeholder=\"Ville\" value=\"\">\r\n                <\/div>\r\n            <\/div>\r\n            <div class=\"form-group w-100\">\r\n                <label for=\"country\">Pays<\/label>\r\n                <input name=\"country\" type=\"text\" class=\"form-control\" value=\"France\" required=\"required\" placeholder=\"Pays\" value=\"\">\r\n            <\/div>\r\n            <div class=\"form-group w-100\">\r\n                <label for=\"phone\">T\u00e9l\u00e9phone<\/label>\r\n                <input name=\"phone\" type=\"text\" class=\"form-control\" placeholder=\"0123456789\" required=\"required\" value=\"\">\r\n            <\/div>\r\n            <div class=\"form-group w-100\">\r\n                <label for=\"company_name\">Entreprise<\/label>\r\n                <input name=\"company_name\" type=\"text\" class=\"form-control\" required=\"required\" placeholder=\"Entreprise\" value=\"\">\r\n            <\/div>\r\n            <div class=\"form-group w-100\">\r\n                <label for=\"mail\">Mail<\/label>\r\n                <input name=\"mail\" type=\"email\" class=\"form-control\" required=\"required\" placeholder=\"user@domain.fr\" value=\"\">\r\n            <\/div>\r\n            <input type=\"submit\" value=\"Enregistrer\" class=\"w-25 p-2 btn-login\">\r\n        <\/form><hr><form method=\"post\" action=\"\" class=\"d-flex flex-column justify-content-between align-items-left\">\r\n            <h2 class=\"mx-auto\">Mot de passe<\/h2>\r\n            <input type=\"hidden\" name=\"you_customer_password\" value=\"1\">\r\n            <div class=\"form-group w-50\">\r\n                <label for=\"actual_password\">Ancien Mot de Passe<\/label>\r\n                <input name=\"actual_password\" type=\"password\" class=\"form-control password\" required=\"required\" placeholder=\"Ancien Mot de passe\">\r\n            <\/div>\r\n            <div class=\"d-flex flex-row justify-content-between w-100\">\r\n                <div class=\"form-group w-50\">\r\n                    <label for=\"password\">Nouveau Mot de Passe<\/label>\r\n                    <input name=\"password\" type=\"password\" class=\"form-control password\" required=\"required\" placeholder=\"Nouveau Mot de passe\">\r\n                <\/div>\r\n                <div class=\"form-group w-50\">\r\n                    <label for=\"password_verify\">Confirmation Nouveau Mot de Passe<\/label>\r\n                    <input name=\"password_verify\" type=\"password\" class=\"form-control password\"  required=\"required\" placeholder=\"Nouveau Mot de passe\">\r\n                <\/div>\r\n            <\/div>\r\n\t\t\t\r\n            <div class=\"d-flex flex-row justify-content-between w-100\">\r\n\t\t\t\t<div class=\"form-group w-100\">\r\n\t\t\t\t\t<input type=\"checkbox\" onclick=\"showHidePass()\"> Montrer \/ Cacher Mot de passe\r\n\t\t\t\t<\/div>\r\n\t\t\t<\/div>\r\n\t\t\t<input type=\"submit\" value=\"Enregistrer\" class=\"w-25 p-2 mx-auto btn-login\">\r\n\t\t\t\r\n        <\/form>\n\t\t\t\t\t\t<\/div>\n\t\t\t\t<\/div>\n\t\t\t\t\t<\/div>\n\t\t<\/div>\n\t\t\t\t\t\t\t<\/div>\n\t\t<\/section>\n\t\t\t\t\t\t\t<\/div>\n\t\t","protected":false},"excerpt":{"rendered":"<p>Logout Previous quotations<\/p>\n","protected":false},"author":1,"featured_media":0,"parent":0,"menu_order":0,"comment_status":"closed","ping_status":"closed","template":"elementor_header_footer","meta":{"footnotes":""},"class_list":["post-8619","page","type-page","status-publish","hentry"],"yoast_head":"<!-- This site is optimized with the Yoast SEO plugin v22.3 - https:\/\/yoast.com\/wordpress\/plugins\/seo\/ -->\n<title>Profil - FKW Spiroflux<\/title>\n<meta name=\"robots\" content=\"index, follow, max-snippet:-1, max-image-preview:large, max-video-preview:-1\" \/>\n<link rel=\"canonical\" href=\"https:\/\/fkw-spiroflux.com\/profile\/\" \/>\n<meta property=\"og:locale\" content=\"en_US\" \/>\n<meta property=\"og:type\" content=\"article\" \/>\n<meta property=\"og:title\" content=\"Profil - FKW Spiroflux\" \/>\n<meta property=\"og:description\" content=\"Logout Previous quotations\" \/>\n<meta property=\"og:url\" content=\"https:\/\/fkw-spiroflux.com\/profile\/\" \/>\n<meta property=\"og:site_name\" content=\"FKW Spiroflux\" \/>\n<meta property=\"article:modified_time\" content=\"2023-05-04T13:30:18+00:00\" \/>\n<script type=\"application\/ld+json\" class=\"yoast-schema-graph\">{\"@context\":\"https:\/\/schema.org\",\"@graph\":[{\"@type\":\"WebPage\",\"@id\":\"https:\/\/fkw-spiroflux.com\/profile\/\",\"url\":\"https:\/\/fkw-spiroflux.com\/profile\/\",\"name\":\"Profil - FKW Spiroflux\",\"isPartOf\":{\"@id\":\"https:\/\/fkw-spiroflux.com\/#website\"},\"datePublished\":\"2023-03-16T13:08:31+00:00\",\"dateModified\":\"2023-05-04T13:30:18+00:00\",\"breadcrumb\":{\"@id\":\"https:\/\/fkw-spiroflux.com\/profile\/#breadcrumb\"},\"inLanguage\":\"en-US\",\"potentialAction\":[{\"@type\":\"ReadAction\",\"target\":[\"https:\/\/fkw-spiroflux.com\/profile\/\"]}]},{\"@type\":\"BreadcrumbList\",\"@id\":\"https:\/\/fkw-spiroflux.com\/profile\/#breadcrumb\",\"itemListElement\":[{\"@type\":\"ListItem\",\"position\":1,\"name\":\"Home\",\"item\":\"https:\/\/fkw-spiroflux.com\/en\/\"},{\"@type\":\"ListItem\",\"position\":2,\"name\":\"Profil\"}]},{\"@type\":\"WebSite\",\"@id\":\"https:\/\/fkw-spiroflux.com\/#website\",\"url\":\"https:\/\/fkw-spiroflux.com\/\",\"name\":\"FKW Spiroflux\",\"description\":\"Gestion et ma\u00eetrise du flux mati\u00e8re\",\"publisher\":{\"@id\":\"https:\/\/fkw-spiroflux.com\/#organization\"},\"potentialAction\":[{\"@type\":\"SearchAction\",\"target\":{\"@type\":\"EntryPoint\",\"urlTemplate\":\"https:\/\/fkw-spiroflux.com\/?s={search_term_string}\"},\"query-input\":\"required name=search_term_string\"}],\"inLanguage\":\"en-US\"},{\"@type\":\"Organization\",\"@id\":\"https:\/\/fkw-spiroflux.com\/#organization\",\"name\":\"FKW Spiroflux\",\"url\":\"https:\/\/fkw-spiroflux.com\/\",\"logo\":{\"@type\":\"ImageObject\",\"inLanguage\":\"en-US\",\"@id\":\"https:\/\/fkw-spiroflux.com\/#\/schema\/logo\/image\/\",\"url\":\"https:\/\/fkw-spiroflux.com\/wp-content\/uploads\/2023\/01\/logo-fkw-spiroflux-site-mini.png\",\"contentUrl\":\"https:\/\/fkw-spiroflux.com\/wp-content\/uploads\/2023\/01\/logo-fkw-spiroflux-site-mini.png\",\"width\":300,\"height\":76,\"caption\":\"FKW Spiroflux\"},\"image\":{\"@id\":\"https:\/\/fkw-spiroflux.com\/#\/schema\/logo\/image\/\"},\"sameAs\":[\"https:\/\/www.linkedin.com\"]}]}<\/script>\n<!-- \/ Yoast SEO plugin. -->","yoast_head_json":{"title":"Profil - FKW Spiroflux","robots":{"index":"index","follow":"follow","max-snippet":"max-snippet:-1","max-image-preview":"max-image-preview:large","max-video-preview":"max-video-preview:-1"},"canonical":"https:\/\/fkw-spiroflux.com\/profile\/","og_locale":"en_US","og_type":"article","og_title":"Profil - FKW Spiroflux","og_description":"Logout Previous quotations","og_url":"https:\/\/fkw-spiroflux.com\/profile\/","og_site_name":"FKW Spiroflux","article_modified_time":"2023-05-04T13:30:18+00:00","schema":{"@context":"https:\/\/schema.org","@graph":[{"@type":"WebPage","@id":"https:\/\/fkw-spiroflux.com\/profile\/","url":"https:\/\/fkw-spiroflux.com\/profile\/","name":"Profil - FKW Spiroflux","isPartOf":{"@id":"https:\/\/fkw-spiroflux.com\/#website"},"datePublished":"2023-03-16T13:08:31+00:00","dateModified":"2023-05-04T13:30:18+00:00","breadcrumb":{"@id":"https:\/\/fkw-spiroflux.com\/profile\/#breadcrumb"},"inLanguage":"en-US","potentialAction":[{"@type":"ReadAction","target":["https:\/\/fkw-spiroflux.com\/profile\/"]}]},{"@type":"BreadcrumbList","@id":"https:\/\/fkw-spiroflux.com\/profile\/#breadcrumb","itemListElement":[{"@type":"ListItem","position":1,"name":"Home","item":"https:\/\/fkw-spiroflux.com\/en\/"},{"@type":"ListItem","position":2,"name":"Profil"}]},{"@type":"WebSite","@id":"https:\/\/fkw-spiroflux.com\/#website","url":"https:\/\/fkw-spiroflux.com\/","name":"FKW Spiroflux","description":"Gestion et ma\u00eetrise du flux mati\u00e8re","publisher":{"@id":"https:\/\/fkw-spiroflux.com\/#organization"},"potentialAction":[{"@type":"SearchAction","target":{"@type":"EntryPoint","urlTemplate":"https:\/\/fkw-spiroflux.com\/?s={search_term_string}"},"query-input":"required name=search_term_string"}],"inLanguage":"en-US"},{"@type":"Organization","@id":"https:\/\/fkw-spiroflux.com\/#organization","name":"FKW Spiroflux","url":"https:\/\/fkw-spiroflux.com\/","logo":{"@type":"ImageObject","inLanguage":"en-US","@id":"https:\/\/fkw-spiroflux.com\/#\/schema\/logo\/image\/","url":"https:\/\/fkw-spiroflux.com\/wp-content\/uploads\/2023\/01\/logo-fkw-spiroflux-site-mini.png","contentUrl":"https:\/\/fkw-spiroflux.com\/wp-content\/uploads\/2023\/01\/logo-fkw-spiroflux-site-mini.png","width":300,"height":76,"caption":"FKW Spiroflux"},"image":{"@id":"https:\/\/fkw-spiroflux.com\/#\/schema\/logo\/image\/"},"sameAs":["https:\/\/www.linkedin.com"]}]}},"_links":{"self":[{"href":"https:\/\/fkw-spiroflux.com\/en\/wp-json\/wp\/v2\/pages\/8619","targetHints":{"allow":["GET"]}}],"collection":[{"href":"https:\/\/fkw-spiroflux.com\/en\/wp-json\/wp\/v2\/pages"}],"about":[{"href":"https:\/\/fkw-spiroflux.com\/en\/wp-json\/wp\/v2\/types\/page"}],"author":[{"embeddable":true,"href":"https:\/\/fkw-spiroflux.com\/en\/wp-json\/wp\/v2\/users\/1"}],"replies":[{"embeddable":true,"href":"https:\/\/fkw-spiroflux.com\/en\/wp-json\/wp\/v2\/comments?post=8619"}],"version-history":[{"count":6,"href":"https:\/\/fkw-spiroflux.com\/en\/wp-json\/wp\/v2\/pages\/8619\/revisions"}],"predecessor-version":[{"id":8739,"href":"https:\/\/fkw-spiroflux.com\/en\/wp-json\/wp\/v2\/pages\/8619\/revisions\/8739"}],"wp:attachment":[{"href":"https:\/\/fkw-spiroflux.com\/en\/wp-json\/wp\/v2\/media?parent=8619"}],"curies":[{"name":"wp","href":"https:\/\/api.w.org\/{rel}","templated":true}]}}