{"id":8603,"date":"2023-04-05T13:14:40","date_gmt":"2023-04-05T13:14:40","guid":{"rendered":"https:\/\/fkw-spiroflux.com\/venturi-demande\/"},"modified":"2023-05-04T15:20:20","modified_gmt":"2023-05-04T15:20:20","slug":"venturi-demande","status":"publish","type":"page","link":"https:\/\/fkw-spiroflux.com\/en\/venturi-demande\/","title":{"rendered":"Venturi Demande"},"content":{"rendered":"\t\t<div data-elementor-type=\"wp-page\" data-elementor-id=\"8603\" class=\"elementor elementor-8603 elementor-8191\">\n\t\t\t\t\t\t\t\t\t<section class=\"elementor-section elementor-top-section elementor-element elementor-element-c603e27 elementor-section-boxed elementor-section-height-default elementor-section-height-default\" data-id=\"c603e27\" data-element_type=\"section\">\n\t\t\t\t\t\t<div class=\"elementor-container elementor-column-gap-default\">\n\t\t\t\t\t<div class=\"elementor-column elementor-col-100 elementor-top-column elementor-element elementor-element-3760877\" data-id=\"3760877\" data-element_type=\"column\">\n\t\t\t<div class=\"elementor-widget-wrap elementor-element-populated\">\n\t\t\t\t\t\t\t\t<div class=\"elementor-element elementor-element-5a782f6 elementor-widget elementor-widget-shortcode\" data-id=\"5a782f6\" data-element_type=\"widget\" data-widget_type=\"shortcode.default\">\n\t\t\t\t<div class=\"elementor-widget-container\">\n\t\t\t\t\t<div class=\"elementor-shortcode\"><p>Vous \u00eates connect\u00e9 allez \u00eatre redirig\u00e9 dans quelques secondes...<\/p><script>\r\n\t\t\t\/\/ Fonction de d\u00e9connexion et redirection\r\n\t\t\tfunction loginAndRedirect() {\r\n\t\t\t\t\/\/ Redirigez vers l'URL de d\u00e9connexion ou l'URL sp\u00e9cifi\u00e9e dans le shortcode\r\n\t\t\t\twindow.location.href = \"\/en\/\/login\";\r\n\t\t\t}\r\n\r\n\t\t\t\/\/ Redirigez apr\u00e8s un d\u00e9lai (en millisecondes)\r\n\t\t\tsetTimeout(loginAndRedirect, 0);\r\n\t\t<\/script><form method=\"post\" class=\"youform_front\"><h3>Material definition<\/h3><div class=''><select name='288' id='288'><option value='' selected disabled hidden>Choisissez une Option<\/option><option value='Granules'>Granules<\/option><option value='Regrind'>Regrind<\/option><option value='Powder'>Powder<\/option><\/select><label for='288'>Type<\/label><\/div><div class=''><input type='text' name='289' id='289' placeholder='Density'><label for='289'>Bulk density of material<\/label><\/div><div class=''><select name='290' id='290'><option value='' selected disabled hidden>Choisissez une Option<\/option><option value='Good'>Good<\/option><option value='Bad'>Bad<\/option><\/select><label for='290'>Flow ability<\/label><\/div><div class=''><div><div><input name='291' type='radio' id='291' value='Yes'\/><label for='291'>Yes<\/label><\/div><div><input name='291' type='radio' id='291' value='No'\/><label for='291'>No<\/label><\/div><\/div><label for='291'>Bridging effect<\/label><\/div><div class=''><div><div><input name='292' type='radio' id='292' value='Yes'\/><label for='292'>Yes<\/label><\/div><div><input name='292' type='radio' id='292' value='No'\/><label for='292'>No<\/label><\/div><\/div><label for='292'>Binding effect<\/label><\/div><div class=''><div><div><input name='293' type='radio' id='293' value='Ambiant'\/><label for='293'>Ambiant<\/label><\/div><div><input name='293' type='radio' id='293' value='Other'\/><label for='293'>Other<\/label><\/div><\/div><label for='293'>Material temperature<\/label><\/div><div class=''><input type='text' name='294' id='294' placeholder=''><label for='294'>Other temperature<\/label><\/div><h3>Technical specifications<\/h3><div class=''><select name='298' id='298'><option value='' selected disabled hidden>Choisissez une Option<\/option><option value='220V Single phase'>220V Single phase<\/option><option value='400 V Three phase'>400 V Three phase<\/option><option value='230 V Three phase'>230 V Three phase<\/option><\/select><label for='298'>Power<\/label><\/div><div class=''><input type='text' name='299' id='299' placeholder=''><label for='299'>Throughput (kg\/h)<\/label><\/div><div class=''><input type='text' name='300' id='300' placeholder=''><label for='300'>Horizontal length of transfer (in m)<\/label><\/div><div class=''><input type='text' name='301' id='301' placeholder=''><label for='301'>Vertical length of transfer (in m)<\/label><\/div><div class=''><input type='text' name='302' id='302' placeholder=''><label for='302'>Quantity of elbows (including flexible elbows)<\/label><\/div><div class=''><input type='text' name='303' id='303' placeholder=''><label for='303'>Lengh of pipe beteein pump an hopper loader<\/label><\/div><div class=''><select name='304' id='304'><option value='' selected disabled hidden>Choisissez une Option<\/option><option value='Bag'>Bag<\/option><option value='Hopper'>Hopper<\/option><option value='Octabin'>Octabin<\/option><option value='Big Bag'>Big Bag<\/option><option value='Dosing unit'>Dosing unit<\/option><option value='Dryer'>Dryer<\/option><option value='Grinder'>Grinder<\/option><\/select><label for='304'>Container of departure<\/label><\/div><div class=''><select name='305' id='305'><option value='' selected disabled hidden>Choisissez une Option<\/option><option value='Machine hopper'>Machine hopper<\/option><option value='Octabin'>Octabin<\/option><option value='Big Bag'>Big Bag<\/option><option value='Dosing unit'>Dosing unit<\/option><option value='Dryer'>Dryer<\/option><\/select><label for='305'>Container of receipt<\/label><\/div><h3>Additionnal informations<\/h3><div class=''><div><div><input name='307' type='radio' id='307' value='Yes'\/><label for='307'>Yes<\/label><\/div><div><input name='307' type='radio' id='307' value='No'\/><label for='307'>No<\/label><\/div><\/div><label for='307'>Intermediate hopper<\/label><\/div><div class=''><input type='text' name='308' id='308' placeholder=''><label for='308'>If Intermediate hopper, which model<\/label><\/div><div class=''><div><div><input name='309' type='radio' id='309' value='Yes'\/><label for='309'>Yes<\/label><\/div><div><input name='309' type='radio' id='309' value='No'\/><label for='309'>No<\/label><\/div><\/div><label for='309'>Magnetic grid:<\/label><\/div><div class=''><div><div><input name='310' type='radio' id='310' value='Yes'\/><label for='310'>Yes<\/label><\/div><div><input name='310' type='radio' id='310' value='No'\/><label for='310'>No<\/label><\/div><\/div><label for='310'>Recycling valve (VPS)<\/label><\/div><div class=''><input type='text' name='311' id='311' placeholder=''><label for='311'>If Recycling valve, which lenght of flexible pipe<\/label><\/div><div class=''><div><div><input name='312' type='radio' id='312' value='Yes'\/><label for='312'>Yes<\/label><\/div><div><input name='312' type='radio' id='312' value='No'\/><label for='312'>No<\/label><\/div><\/div><label for='312'>Providing of rigid pipe<\/label><\/div><div class=''><input type='text' name='313' id='313' placeholder=''><label for='313'>If Yes define lenght<\/label><\/div><div class=''><div><div><input name='314' type='radio' id='314' value='Light'\/><label for='314'>Light<\/label><\/div><div><input name='314' type='radio' id='314' value='Sound'\/><label for='314'>Sound<\/label><\/div><div><input name='314' type='radio' id='314' value='No'\/><label for='314'>No<\/label><\/div><\/div><label for='314'>Additionnal light or sound alarm<\/label><\/div><div class=''><textarea type='textarea' name='316' id='316' placeholder=''><\/textarea><label for='316'> Additional comments<\/label><\/div><div class=''><input type='text' name='317' id='317' placeholder=''><label for='317'>Quantity of equipments to be provided<\/label><\/div><input type='hidden' id='form_id' name='form_id' value=''><input type='submit' id='submit_form' name='submit_form' value='Envoyer' class='w-25 p-2 mx-auto btn-submit'><\/form><\/div>\n\t\t\t\t<\/div>\n\t\t\t\t<\/div>\n\t\t\t\t\t<\/div>\n\t\t<\/div>\n\t\t\t\t\t\t\t<\/div>\n\t\t<\/section>\n\t\t\t\t\t\t\t<\/div>\n\t\t","protected":false},"excerpt":{"rendered":"","protected":false},"author":1,"featured_media":0,"parent":0,"menu_order":0,"comment_status":"closed","ping_status":"closed","template":"","meta":{"footnotes":""},"class_list":["post-8603","page","type-page","status-publish","hentry"],"yoast_head":"<!-- This site is optimized with the Yoast SEO plugin v22.3 - https:\/\/yoast.com\/wordpress\/plugins\/seo\/ -->\n<title>Venturi Demande - FKW Spiroflux<\/title>\n<meta name=\"robots\" content=\"index, follow, max-snippet:-1, max-image-preview:large, max-video-preview:-1\" \/>\n<link rel=\"canonical\" href=\"https:\/\/fkw-spiroflux.com\/venturi-demande\/\" \/>\n<meta property=\"og:locale\" content=\"en_US\" \/>\n<meta property=\"og:type\" content=\"article\" \/>\n<meta property=\"og:title\" content=\"Venturi Demande - FKW Spiroflux\" \/>\n<meta property=\"og:url\" content=\"https:\/\/fkw-spiroflux.com\/venturi-demande\/\" \/>\n<meta property=\"og:site_name\" content=\"FKW Spiroflux\" \/>\n<meta property=\"article:modified_time\" content=\"2023-05-04T15:20:20+00:00\" \/>\n<script type=\"application\/ld+json\" class=\"yoast-schema-graph\">{\"@context\":\"https:\/\/schema.org\",\"@graph\":[{\"@type\":\"WebPage\",\"@id\":\"https:\/\/fkw-spiroflux.com\/venturi-demande\/\",\"url\":\"https:\/\/fkw-spiroflux.com\/venturi-demande\/\",\"name\":\"Venturi Demande - FKW Spiroflux\",\"isPartOf\":{\"@id\":\"https:\/\/fkw-spiroflux.com\/#website\"},\"datePublished\":\"2023-04-05T13:14:40+00:00\",\"dateModified\":\"2023-05-04T15:20:20+00:00\",\"breadcrumb\":{\"@id\":\"https:\/\/fkw-spiroflux.com\/venturi-demande\/#breadcrumb\"},\"inLanguage\":\"en-US\",\"potentialAction\":[{\"@type\":\"ReadAction\",\"target\":[\"https:\/\/fkw-spiroflux.com\/venturi-demande\/\"]}]},{\"@type\":\"BreadcrumbList\",\"@id\":\"https:\/\/fkw-spiroflux.com\/venturi-demande\/#breadcrumb\",\"itemListElement\":[{\"@type\":\"ListItem\",\"position\":1,\"name\":\"Home\",\"item\":\"https:\/\/fkw-spiroflux.com\/en\/\"},{\"@type\":\"ListItem\",\"position\":2,\"name\":\"Venturi Demande\"}]},{\"@type\":\"WebSite\",\"@id\":\"https:\/\/fkw-spiroflux.com\/#website\",\"url\":\"https:\/\/fkw-spiroflux.com\/\",\"name\":\"FKW Spiroflux\",\"description\":\"Gestion et ma\u00eetrise du flux mati\u00e8re\",\"publisher\":{\"@id\":\"https:\/\/fkw-spiroflux.com\/#organization\"},\"potentialAction\":[{\"@type\":\"SearchAction\",\"target\":{\"@type\":\"EntryPoint\",\"urlTemplate\":\"https:\/\/fkw-spiroflux.com\/?s={search_term_string}\"},\"query-input\":\"required name=search_term_string\"}],\"inLanguage\":\"en-US\"},{\"@type\":\"Organization\",\"@id\":\"https:\/\/fkw-spiroflux.com\/#organization\",\"name\":\"FKW Spiroflux\",\"url\":\"https:\/\/fkw-spiroflux.com\/\",\"logo\":{\"@type\":\"ImageObject\",\"inLanguage\":\"en-US\",\"@id\":\"https:\/\/fkw-spiroflux.com\/#\/schema\/logo\/image\/\",\"url\":\"https:\/\/fkw-spiroflux.com\/wp-content\/uploads\/2023\/01\/logo-fkw-spiroflux-site-mini.png\",\"contentUrl\":\"https:\/\/fkw-spiroflux.com\/wp-content\/uploads\/2023\/01\/logo-fkw-spiroflux-site-mini.png\",\"width\":300,\"height\":76,\"caption\":\"FKW Spiroflux\"},\"image\":{\"@id\":\"https:\/\/fkw-spiroflux.com\/#\/schema\/logo\/image\/\"},\"sameAs\":[\"https:\/\/www.linkedin.com\"]}]}<\/script>\n<!-- \/ Yoast SEO plugin. -->","yoast_head_json":{"title":"Venturi Demande - FKW Spiroflux","robots":{"index":"index","follow":"follow","max-snippet":"max-snippet:-1","max-image-preview":"max-image-preview:large","max-video-preview":"max-video-preview:-1"},"canonical":"https:\/\/fkw-spiroflux.com\/venturi-demande\/","og_locale":"en_US","og_type":"article","og_title":"Venturi Demande - FKW Spiroflux","og_url":"https:\/\/fkw-spiroflux.com\/venturi-demande\/","og_site_name":"FKW Spiroflux","article_modified_time":"2023-05-04T15:20:20+00:00","schema":{"@context":"https:\/\/schema.org","@graph":[{"@type":"WebPage","@id":"https:\/\/fkw-spiroflux.com\/venturi-demande\/","url":"https:\/\/fkw-spiroflux.com\/venturi-demande\/","name":"Venturi Demande - FKW Spiroflux","isPartOf":{"@id":"https:\/\/fkw-spiroflux.com\/#website"},"datePublished":"2023-04-05T13:14:40+00:00","dateModified":"2023-05-04T15:20:20+00:00","breadcrumb":{"@id":"https:\/\/fkw-spiroflux.com\/venturi-demande\/#breadcrumb"},"inLanguage":"en-US","potentialAction":[{"@type":"ReadAction","target":["https:\/\/fkw-spiroflux.com\/venturi-demande\/"]}]},{"@type":"BreadcrumbList","@id":"https:\/\/fkw-spiroflux.com\/venturi-demande\/#breadcrumb","itemListElement":[{"@type":"ListItem","position":1,"name":"Home","item":"https:\/\/fkw-spiroflux.com\/en\/"},{"@type":"ListItem","position":2,"name":"Venturi Demande"}]},{"@type":"WebSite","@id":"https:\/\/fkw-spiroflux.com\/#website","url":"https:\/\/fkw-spiroflux.com\/","name":"FKW Spiroflux","description":"Gestion et ma\u00eetrise du flux mati\u00e8re","publisher":{"@id":"https:\/\/fkw-spiroflux.com\/#organization"},"potentialAction":[{"@type":"SearchAction","target":{"@type":"EntryPoint","urlTemplate":"https:\/\/fkw-spiroflux.com\/?s={search_term_string}"},"query-input":"required name=search_term_string"}],"inLanguage":"en-US"},{"@type":"Organization","@id":"https:\/\/fkw-spiroflux.com\/#organization","name":"FKW Spiroflux","url":"https:\/\/fkw-spiroflux.com\/","logo":{"@type":"ImageObject","inLanguage":"en-US","@id":"https:\/\/fkw-spiroflux.com\/#\/schema\/logo\/image\/","url":"https:\/\/fkw-spiroflux.com\/wp-content\/uploads\/2023\/01\/logo-fkw-spiroflux-site-mini.png","contentUrl":"https:\/\/fkw-spiroflux.com\/wp-content\/uploads\/2023\/01\/logo-fkw-spiroflux-site-mini.png","width":300,"height":76,"caption":"FKW Spiroflux"},"image":{"@id":"https:\/\/fkw-spiroflux.com\/#\/schema\/logo\/image\/"},"sameAs":["https:\/\/www.linkedin.com"]}]}},"_links":{"self":[{"href":"https:\/\/fkw-spiroflux.com\/en\/wp-json\/wp\/v2\/pages\/8603","targetHints":{"allow":["GET"]}}],"collection":[{"href":"https:\/\/fkw-spiroflux.com\/en\/wp-json\/wp\/v2\/pages"}],"about":[{"href":"https:\/\/fkw-spiroflux.com\/en\/wp-json\/wp\/v2\/types\/page"}],"author":[{"embeddable":true,"href":"https:\/\/fkw-spiroflux.com\/en\/wp-json\/wp\/v2\/users\/1"}],"replies":[{"embeddable":true,"href":"https:\/\/fkw-spiroflux.com\/en\/wp-json\/wp\/v2\/comments?post=8603"}],"version-history":[{"count":3,"href":"https:\/\/fkw-spiroflux.com\/en\/wp-json\/wp\/v2\/pages\/8603\/revisions"}],"predecessor-version":[{"id":8826,"href":"https:\/\/fkw-spiroflux.com\/en\/wp-json\/wp\/v2\/pages\/8603\/revisions\/8826"}],"wp:attachment":[{"href":"https:\/\/fkw-spiroflux.com\/en\/wp-json\/wp\/v2\/media?parent=8603"}],"curies":[{"name":"wp","href":"https:\/\/api.w.org\/{rel}","templated":true}]}}