{"id":8597,"date":"2023-04-05T13:29:20","date_gmt":"2023-04-05T13:29:20","guid":{"rendered":"https:\/\/fkw-spiroflux.com\/dv-demande\/"},"modified":"2023-05-04T15:21:03","modified_gmt":"2023-05-04T15:21:03","slug":"dv-demande","status":"publish","type":"page","link":"https:\/\/fkw-spiroflux.com\/en\/dv-demande\/","title":{"rendered":"DV Demande"},"content":{"rendered":"\t\t<div data-elementor-type=\"wp-page\" data-elementor-id=\"8597\" class=\"elementor elementor-8597 elementor-8242\">\n\t\t\t\t\t\t\t\t\t<section class=\"elementor-section elementor-top-section elementor-element elementor-element-3e3dd94 elementor-section-boxed elementor-section-height-default elementor-section-height-default\" data-id=\"3e3dd94\" data-element_type=\"section\">\n\t\t\t\t\t\t<div class=\"elementor-container elementor-column-gap-default\">\n\t\t\t\t\t<div class=\"elementor-column elementor-col-100 elementor-top-column elementor-element elementor-element-08af0f6\" data-id=\"08af0f6\" data-element_type=\"column\">\n\t\t\t<div class=\"elementor-widget-wrap elementor-element-populated\">\n\t\t\t\t\t\t\t\t<div class=\"elementor-element elementor-element-f8cbbb7 elementor-widget elementor-widget-shortcode\" data-id=\"f8cbbb7\" data-element_type=\"widget\" data-widget_type=\"shortcode.default\">\n\t\t\t\t<div class=\"elementor-widget-container\">\n\t\t\t\t\t<div class=\"elementor-shortcode\"><p>Vous \u00eates connect\u00e9 allez \u00eatre redirig\u00e9 dans quelques secondes...<\/p><script>\r\n\t\t\t\/\/ Fonction de d\u00e9connexion et redirection\r\n\t\t\tfunction loginAndRedirect() {\r\n\t\t\t\t\/\/ Redirigez vers l'URL de d\u00e9connexion ou l'URL sp\u00e9cifi\u00e9e dans le shortcode\r\n\t\t\t\twindow.location.href = \"\/en\/\/login\";\r\n\t\t\t}\r\n\r\n\t\t\t\/\/ Redirigez apr\u00e8s un d\u00e9lai (en millisecondes)\r\n\t\t\tsetTimeout(loginAndRedirect, 0);\r\n\t\t<\/script><form method=\"post\" class=\"youform_front\"><h3>Material definition<\/h3><div class=''><select name='368' id='368'><option value='' selected disabled hidden>Choisissez une Option<\/option><option value='Granules'>Granules<\/option><option value='Regrind'>Regrind<\/option><\/select><label for='368'>Type<\/label><\/div><div class=''><select name='370' id='370'><option value='' selected disabled hidden>Choisissez une Option<\/option><option value='Good'>Good<\/option><option value='Bad'>Bad<\/option><\/select><label for='370'>Flow ability<\/label><\/div><div class=''><input type='text' name='380' id='380' placeholder=''><label for='380'>Bulk density of material<\/label><\/div><div class=''><select name='371' id='371'><option value='' selected disabled hidden>Choisissez une Option<\/option><option value='Yes'>Yes<\/option><option value='No'>No<\/option><\/select><label for='371'>Bridging effect<\/label><\/div><div class=''><select name='372' id='372'><option value='' selected disabled hidden>Choisissez une Option<\/option><option value='Yes'>Yes<\/option><option value='No'>No<\/option><\/select><label for='372'>Binding effect<\/label><\/div><div class=''><select name='373' id='373'><option value='' selected disabled hidden>Choisissez une Option<\/option><option value='Ambiant'>Ambiant<\/option><option value='Other'>Other<\/option><\/select><label for='373'>Material temperature<\/label><\/div><div class=''><textarea type='textarea' name='375' id='375' placeholder=''><\/textarea><label for='375'>Other temperature<\/label><\/div><h3>Technical specifications<\/h3><div class=''><select name='378' id='378'><option value='' selected disabled hidden>Choisissez une Option<\/option><option value='230V Single Phase'>230V Single Phase<\/option><\/select><label for='378'>Power supply<\/label><\/div><div class=''><input type='text' name='379' id='379' placeholder=''><label for='379'>Machine throughput (kg\/h)<\/label><\/div><div class=''><input type='text' name='369' id='369' placeholder=''><label for='369'> Bulk density of the material<\/label><\/div><div class=''><input type='text' name='381' id='381' placeholder=''><label for='381'>Quantity of cycle \/ mn (for injection molding machines) <\/label><\/div><div class=''><input type='text' name='382' id='382' placeholder=''><label for='382'>Percentage of dosing material<\/label><\/div><div class=''><input type='text' name='383' id='383' placeholder='Specify the type of steering in \"Auto\" mode, without tension contact or 24V contact.'><label for='383'>Duration of dosing (in s) (for injection molding machines)<\/label><\/div><h3>Additionnal informations<\/h3><div class=''><input type='text' name='385' id='385' placeholder=''><label for='385'>Capacity of hopper<\/label><\/div><div class=''><select name='386' id='386'><option value='' selected disabled hidden>Choisissez une Option<\/option><option value='Standard'>Standard<\/option><option value='Controller 0\/10V '>Controller 0\/10V <\/option><\/select><label for='386'>Electrical panel<\/label><\/div><div class=''><textarea type='textarea' name='387' id='387' placeholder=''><\/textarea><label for='387'>Additional comments<\/label><\/div><div class=''><input type='text' name='388' id='388' placeholder=''><label for='388'>Quantity of equipments to be provided<\/label><\/div><input type='hidden' id='form_id' name='form_id' value=''><input type='submit' id='submit_form' name='submit_form' value='Envoyer' class='w-25 p-2 mx-auto btn-submit'><\/form><\/div>\n\t\t\t\t<\/div>\n\t\t\t\t<\/div>\n\t\t\t\t\t<\/div>\n\t\t<\/div>\n\t\t\t\t\t\t\t<\/div>\n\t\t<\/section>\n\t\t\t\t\t\t\t<\/div>\n\t\t","protected":false},"excerpt":{"rendered":"","protected":false},"author":1,"featured_media":0,"parent":0,"menu_order":0,"comment_status":"closed","ping_status":"closed","template":"","meta":{"footnotes":""},"class_list":["post-8597","page","type-page","status-publish","hentry"],"yoast_head":"<!-- This site is optimized with the Yoast SEO plugin v22.3 - https:\/\/yoast.com\/wordpress\/plugins\/seo\/ -->\n<title>DV Demande - FKW Spiroflux<\/title>\n<meta name=\"robots\" content=\"index, follow, max-snippet:-1, max-image-preview:large, max-video-preview:-1\" \/>\n<link rel=\"canonical\" href=\"https:\/\/fkw-spiroflux.com\/dv-demande\/\" \/>\n<meta property=\"og:locale\" content=\"en_US\" \/>\n<meta property=\"og:type\" content=\"article\" \/>\n<meta property=\"og:title\" content=\"DV Demande - FKW Spiroflux\" \/>\n<meta property=\"og:url\" content=\"https:\/\/fkw-spiroflux.com\/dv-demande\/\" \/>\n<meta property=\"og:site_name\" content=\"FKW Spiroflux\" \/>\n<meta property=\"article:modified_time\" content=\"2023-05-04T15:21:03+00:00\" \/>\n<script type=\"application\/ld+json\" class=\"yoast-schema-graph\">{\"@context\":\"https:\/\/schema.org\",\"@graph\":[{\"@type\":\"WebPage\",\"@id\":\"https:\/\/fkw-spiroflux.com\/dv-demande\/\",\"url\":\"https:\/\/fkw-spiroflux.com\/dv-demande\/\",\"name\":\"DV Demande - FKW Spiroflux\",\"isPartOf\":{\"@id\":\"https:\/\/fkw-spiroflux.com\/#website\"},\"datePublished\":\"2023-04-05T13:29:20+00:00\",\"dateModified\":\"2023-05-04T15:21:03+00:00\",\"breadcrumb\":{\"@id\":\"https:\/\/fkw-spiroflux.com\/dv-demande\/#breadcrumb\"},\"inLanguage\":\"en-US\",\"potentialAction\":[{\"@type\":\"ReadAction\",\"target\":[\"https:\/\/fkw-spiroflux.com\/dv-demande\/\"]}]},{\"@type\":\"BreadcrumbList\",\"@id\":\"https:\/\/fkw-spiroflux.com\/dv-demande\/#breadcrumb\",\"itemListElement\":[{\"@type\":\"ListItem\",\"position\":1,\"name\":\"Home\",\"item\":\"https:\/\/fkw-spiroflux.com\/en\/\"},{\"@type\":\"ListItem\",\"position\":2,\"name\":\"DV Demande\"}]},{\"@type\":\"WebSite\",\"@id\":\"https:\/\/fkw-spiroflux.com\/#website\",\"url\":\"https:\/\/fkw-spiroflux.com\/\",\"name\":\"FKW Spiroflux\",\"description\":\"Gestion et ma\u00eetrise du flux mati\u00e8re\",\"publisher\":{\"@id\":\"https:\/\/fkw-spiroflux.com\/#organization\"},\"potentialAction\":[{\"@type\":\"SearchAction\",\"target\":{\"@type\":\"EntryPoint\",\"urlTemplate\":\"https:\/\/fkw-spiroflux.com\/?s={search_term_string}\"},\"query-input\":\"required name=search_term_string\"}],\"inLanguage\":\"en-US\"},{\"@type\":\"Organization\",\"@id\":\"https:\/\/fkw-spiroflux.com\/#organization\",\"name\":\"FKW Spiroflux\",\"url\":\"https:\/\/fkw-spiroflux.com\/\",\"logo\":{\"@type\":\"ImageObject\",\"inLanguage\":\"en-US\",\"@id\":\"https:\/\/fkw-spiroflux.com\/#\/schema\/logo\/image\/\",\"url\":\"https:\/\/fkw-spiroflux.com\/wp-content\/uploads\/2023\/01\/logo-fkw-spiroflux-site-mini.png\",\"contentUrl\":\"https:\/\/fkw-spiroflux.com\/wp-content\/uploads\/2023\/01\/logo-fkw-spiroflux-site-mini.png\",\"width\":300,\"height\":76,\"caption\":\"FKW Spiroflux\"},\"image\":{\"@id\":\"https:\/\/fkw-spiroflux.com\/#\/schema\/logo\/image\/\"},\"sameAs\":[\"https:\/\/www.linkedin.com\"]}]}<\/script>\n<!-- \/ Yoast SEO plugin. -->","yoast_head_json":{"title":"DV Demande - FKW Spiroflux","robots":{"index":"index","follow":"follow","max-snippet":"max-snippet:-1","max-image-preview":"max-image-preview:large","max-video-preview":"max-video-preview:-1"},"canonical":"https:\/\/fkw-spiroflux.com\/dv-demande\/","og_locale":"en_US","og_type":"article","og_title":"DV Demande - FKW Spiroflux","og_url":"https:\/\/fkw-spiroflux.com\/dv-demande\/","og_site_name":"FKW Spiroflux","article_modified_time":"2023-05-04T15:21:03+00:00","schema":{"@context":"https:\/\/schema.org","@graph":[{"@type":"WebPage","@id":"https:\/\/fkw-spiroflux.com\/dv-demande\/","url":"https:\/\/fkw-spiroflux.com\/dv-demande\/","name":"DV Demande - FKW Spiroflux","isPartOf":{"@id":"https:\/\/fkw-spiroflux.com\/#website"},"datePublished":"2023-04-05T13:29:20+00:00","dateModified":"2023-05-04T15:21:03+00:00","breadcrumb":{"@id":"https:\/\/fkw-spiroflux.com\/dv-demande\/#breadcrumb"},"inLanguage":"en-US","potentialAction":[{"@type":"ReadAction","target":["https:\/\/fkw-spiroflux.com\/dv-demande\/"]}]},{"@type":"BreadcrumbList","@id":"https:\/\/fkw-spiroflux.com\/dv-demande\/#breadcrumb","itemListElement":[{"@type":"ListItem","position":1,"name":"Home","item":"https:\/\/fkw-spiroflux.com\/en\/"},{"@type":"ListItem","position":2,"name":"DV Demande"}]},{"@type":"WebSite","@id":"https:\/\/fkw-spiroflux.com\/#website","url":"https:\/\/fkw-spiroflux.com\/","name":"FKW Spiroflux","description":"Gestion et ma\u00eetrise du flux mati\u00e8re","publisher":{"@id":"https:\/\/fkw-spiroflux.com\/#organization"},"potentialAction":[{"@type":"SearchAction","target":{"@type":"EntryPoint","urlTemplate":"https:\/\/fkw-spiroflux.com\/?s={search_term_string}"},"query-input":"required name=search_term_string"}],"inLanguage":"en-US"},{"@type":"Organization","@id":"https:\/\/fkw-spiroflux.com\/#organization","name":"FKW Spiroflux","url":"https:\/\/fkw-spiroflux.com\/","logo":{"@type":"ImageObject","inLanguage":"en-US","@id":"https:\/\/fkw-spiroflux.com\/#\/schema\/logo\/image\/","url":"https:\/\/fkw-spiroflux.com\/wp-content\/uploads\/2023\/01\/logo-fkw-spiroflux-site-mini.png","contentUrl":"https:\/\/fkw-spiroflux.com\/wp-content\/uploads\/2023\/01\/logo-fkw-spiroflux-site-mini.png","width":300,"height":76,"caption":"FKW Spiroflux"},"image":{"@id":"https:\/\/fkw-spiroflux.com\/#\/schema\/logo\/image\/"},"sameAs":["https:\/\/www.linkedin.com"]}]}},"_links":{"self":[{"href":"https:\/\/fkw-spiroflux.com\/en\/wp-json\/wp\/v2\/pages\/8597","targetHints":{"allow":["GET"]}}],"collection":[{"href":"https:\/\/fkw-spiroflux.com\/en\/wp-json\/wp\/v2\/pages"}],"about":[{"href":"https:\/\/fkw-spiroflux.com\/en\/wp-json\/wp\/v2\/types\/page"}],"author":[{"embeddable":true,"href":"https:\/\/fkw-spiroflux.com\/en\/wp-json\/wp\/v2\/users\/1"}],"replies":[{"embeddable":true,"href":"https:\/\/fkw-spiroflux.com\/en\/wp-json\/wp\/v2\/comments?post=8597"}],"version-history":[{"count":3,"href":"https:\/\/fkw-spiroflux.com\/en\/wp-json\/wp\/v2\/pages\/8597\/revisions"}],"predecessor-version":[{"id":8835,"href":"https:\/\/fkw-spiroflux.com\/en\/wp-json\/wp\/v2\/pages\/8597\/revisions\/8835"}],"wp:attachment":[{"href":"https:\/\/fkw-spiroflux.com\/en\/wp-json\/wp\/v2\/media?parent=8597"}],"curies":[{"name":"wp","href":"https:\/\/api.w.org\/{rel}","templated":true}]}}