{"id":8595,"date":"2023-04-05T13:32:03","date_gmt":"2023-04-05T13:32:03","guid":{"rendered":"https:\/\/fkw-spiroflux.com\/dpx-demande\/"},"modified":"2023-05-04T15:20:55","modified_gmt":"2023-05-04T15:20:55","slug":"dpx-demande","status":"publish","type":"page","link":"https:\/\/fkw-spiroflux.com\/en\/dpx-demande\/","title":{"rendered":"DPX Demande"},"content":{"rendered":"\t\t<div data-elementor-type=\"wp-page\" data-elementor-id=\"8595\" class=\"elementor elementor-8595 elementor-8258\">\n\t\t\t\t\t\t\t\t\t<section class=\"elementor-section elementor-top-section elementor-element elementor-element-ce02f6a elementor-section-boxed elementor-section-height-default elementor-section-height-default\" data-id=\"ce02f6a\" data-element_type=\"section\">\n\t\t\t\t\t\t<div class=\"elementor-container elementor-column-gap-default\">\n\t\t\t\t\t<div class=\"elementor-column elementor-col-100 elementor-top-column elementor-element elementor-element-9f1bb9e\" data-id=\"9f1bb9e\" data-element_type=\"column\">\n\t\t\t<div class=\"elementor-widget-wrap elementor-element-populated\">\n\t\t\t\t\t\t\t\t<div class=\"elementor-element elementor-element-c425a3f elementor-widget elementor-widget-shortcode\" data-id=\"c425a3f\" data-element_type=\"widget\" data-widget_type=\"shortcode.default\">\n\t\t\t\t<div class=\"elementor-widget-container\">\n\t\t\t\t\t<div class=\"elementor-shortcode\"><p>Vous \u00eates connect\u00e9 allez \u00eatre redirig\u00e9 dans quelques secondes...<\/p><script>\r\n\t\t\t\/\/ Fonction de d\u00e9connexion et redirection\r\n\t\t\tfunction loginAndRedirect() {\r\n\t\t\t\t\/\/ Redirigez vers l'URL de d\u00e9connexion ou l'URL sp\u00e9cifi\u00e9e dans le shortcode\r\n\t\t\t\twindow.location.href = \"\/en\/\/login\";\r\n\t\t\t}\r\n\r\n\t\t\t\/\/ Redirigez apr\u00e8s un d\u00e9lai (en millisecondes)\r\n\t\t\tsetTimeout(loginAndRedirect, 0);\r\n\t\t<\/script><form method=\"post\" class=\"youform_front\"><h3>Technical specification<\/h3><div class=''><select name='396' id='396'><option value='' selected disabled hidden>Choisissez une Option<\/option><option value='400V Three phase '>400V Three phase <\/option><\/select><label for='396'>Power<\/label><\/div><div class=''><input type='text' name='397' id='397' placeholder=''><label for='397'>Machine throughput (kg\/h)<\/label><\/div><h3>Material 1<\/h3><div class=''><select name='404' id='404'><option value='' selected disabled hidden>Choisissez une Option<\/option><option value='Granules'>Granules<\/option><option value='Regrind'>Regrind<\/option><option value='Powder'>Powder<\/option><\/select><label for='404'>Type<\/label><\/div><div class=''><select name='401' id='401'><option value='' selected disabled hidden>Choisissez une Option<\/option><option value='Good'>Good<\/option><option value='Bad'>Bad<\/option><\/select><label for='401'>Flow ability<\/label><\/div><div class=''><input type='text' name='402' id='402' placeholder=''><label for='402'>Bulk density<\/label><\/div><h3>Produit 2<\/h3><div class=''><select name='400' id='400'><option value='' selected disabled hidden>Choisissez une Option<\/option><option value='Granules'>Granules<\/option><option value='Regrind'>Regrind<\/option><option value='Powder'>Powder<\/option><\/select><label for='400'>Type<\/label><\/div><div class=''><select name='414' id='414'><option value='' selected disabled hidden>Choisissez une Option<\/option><option value='Good'>Good<\/option><option value='Bad'>Bad<\/option><\/select><label for='414'>Flow ability<\/label><\/div><div class=''><input type='text' name='419' id='419' placeholder=''><label for='419'>Bulk density<\/label><\/div><h3>Produit 3<\/h3><div class=''><select name='405' id='405'><option value='' selected disabled hidden>Choisissez une Option<\/option><option value='Granules'>Granules<\/option><option value='Regrind'>Regrind<\/option><option value='Powder'>Powder<\/option><\/select><label for='405'>Type<\/label><\/div><div class=''><select name='416' id='416'><option value='' selected disabled hidden>Choisissez une Option<\/option><option value='Good'>Good<\/option><option value='Bad'>Bad<\/option><\/select><label for='416'>Flow ability<\/label><\/div><div class=''><input type='text' name='420' id='420' placeholder=''><label for='420'>Bulk density<\/label><\/div><h3>Produit 4<\/h3><div class=''><select name='410' id='410'><option value='' selected disabled hidden>Choisissez une Option<\/option><option value='Granules'>Granules<\/option><option value='Regrind'>Regrind<\/option><option value='Powder'>Powder<\/option><\/select><label for='410'>Type<\/label><\/div><div class=''><select name='417' id='417'><option value='' selected disabled hidden>Choisissez une Option<\/option><option value='Good'>Good<\/option><option value='Bad'>Bad<\/option><\/select><label for='417'>Flow ability<\/label><\/div><div class=''><input type='text' name='421' id='421' placeholder=''><label for='421'>Bulk density<\/label><\/div><h3>Produit 5<\/h3><div class=''><select name='411' id='411'><option value='' selected disabled hidden>Choisissez une Option<\/option><option value='Granules'>Granules<\/option><option value='Regrind'>Regrind<\/option><option value='Powder'>Powder<\/option><\/select><label for='411'>Type<\/label><\/div><div class=''><select name='415' id='415'><option value='' selected disabled hidden>Choisissez une Option<\/option><option value='Good'>Good<\/option><option value='Bad'>Bad<\/option><\/select><label for='415'>Flow ability<\/label><\/div><div class=''><input type='text' name='418' id='418' placeholder=''><label for='418'>Bulk density<\/label><\/div><h3>Produit 6<\/h3><div class=''><select name='412' id='412'><option value='' selected disabled hidden>Choisissez une Option<\/option><option value='Granules'>Granules<\/option><option value='Regrind'>Regrind<\/option><option value='Powder'>Powder<\/option><\/select><label for='412'>Type<\/label><\/div><div class=''><select name='413' id='413'><option value='' selected disabled hidden>Choisissez une Option<\/option><option value='Good'>Good<\/option><option value='Bad'>Bad<\/option><\/select><label for='413'>Flow ability<\/label><\/div><div class=''><input type='text' name='422' id='422' placeholder=''><label for='422'>Bulk density<\/label><\/div><h3>Throughput<\/h3><div class=''><input type='text' name='423' id='423' placeholder='From xx to xx%'><label for='423'>Throughput material 1<\/label><\/div><div class=''><input type='text' name='424' id='424' placeholder='From xx to xx%'><label for='424'>Throughput material 2<\/label><\/div><div class=''><input type='text' name='425' id='425' placeholder='From xx to xx%'><label for='425'>Throughput material 3<\/label><\/div><div class=''><input type='text' name='426' id='426' placeholder='From xx to xx%'><label for='426'>Throughput material 4<\/label><\/div><div class=''><input type='text' name='427' id='427' placeholder='From xx to xx%'><label for='427'>Throughput material 5<\/label><\/div><div class=''><input type='text' name='428' id='428' placeholder='From xx to xx%'><label for='428'>Throughput material 6<\/label><\/div><h3>Alimentation du doseur<\/h3><div class=''><textarea type='textarea' name='441' id='441' placeholder='Oui \/ Non'><\/textarea><label for='441'>Manuelle (pr\u00e9ciser par tr\u00e9mie)<\/label><\/div><div class=''><textarea type='textarea' name='442' id='442' placeholder='Oui \/ Non'><\/textarea><label for='442'>Par alimentateur pneumatique (pr\u00e9ciser par tr\u00e9mie)<\/label><\/div><div class=''><textarea type='textarea' name='443' id='443' placeholder='Oui \/ Non'><\/textarea><label for='443'>Par alimentateur m\u00e9canique (pr\u00e9ciser par tr\u00e9mie)<\/label><\/div><h3>Additionnal informations<\/h3><div class=''><select name='429' id='429'><option value='' selected disabled hidden>Choisissez une Option<\/option><option value='Mechanical loader'>Mechanical loader<\/option><option value='Pneumatic loader'>Pneumatic loader<\/option><option value='equipment fixed on platform over machine'>equipment fixed on platform over machine<\/option><\/select><label for='429'>Type of machine loading<\/label><\/div><div class=''><input type='text' name='431' id='431' placeholder=''><label for='431'>Capacity of hoppers (if specific for each material) <\/label><\/div><div class=''><div><div><input name='432' type='radio' id='432' value='Yes'\/><label for='432'>Yes<\/label><\/div><div><input name='432' type='radio' id='432' value='No'\/><label for='432'>No<\/label><\/div><\/div><label for='432'>Low level sensor (precise material) <\/label><\/div><div class=''><div><div><input name='435' type='radio' id='435' value='Yes'\/><label for='435'>Yes<\/label><\/div><div><input name='435' type='radio' id='435' value='No'\/><label for='435'>No<\/label><\/div><\/div><label for='435'>With visual alarm<\/label><\/div><div class=''><div><div><input name='437' type='radio' id='437' value='Yes'\/><label for='437'>Yes<\/label><\/div><div><input name='437' type='radio' id='437' value='No'\/><label for='437'>No<\/label><\/div><\/div><label for='437'>With sound alarm<\/label><\/div><div class=''><input type='text' name='439' id='439' placeholder='To be specified'><label for='439'>Function of the sensor<\/label><\/div><div class=''><div><div><input name='433' type='radio' id='433' value='Yes'\/><label for='433'>Yes<\/label><\/div><div><input name='433' type='radio' id='433' value='No'\/><label for='433'>No<\/label><\/div><\/div><label for='433'>D\u00e9tecteur de niveau point haut (pr\u00e9ciser par tr\u00e9mie)<\/label><\/div><div class=''><div><div><input name='434' type='radio' id='434' value='Yes'\/><label for='434'>Yes<\/label><\/div><div><input name='434' type='radio' id='434' value='No'\/><label for='434'>No<\/label><\/div><\/div><label for='434'>With visual alarm<\/label><\/div><div class=''><div><div><input name='436' type='radio' id='436' value='Yes'\/><label for='436'>Yes<\/label><\/div><div><input name='436' type='radio' id='436' value='No'\/><label for='436'>No<\/label><\/div><\/div><label for='436'>With sound alarm<\/label><\/div><div class=''><input type='text' name='438' id='438' placeholder='To be specified'><label for='438'>Function of the sensor<\/label><\/div><p>Feeding of dosing unit<\/p><div class=''><div><div><input name='512' type='radio' id='512' value='Yes'\/><label for='512'>Yes<\/label><\/div><div><input name='512' type='radio' id='512' value='No'\/><label for='512'>No<\/label><\/div><\/div><label for='512'>Manual loading (for each material)<\/label><\/div><div class=''><div><div><input name='513' type='radio' id='513' value='Yes'\/><label for='513'>Yes<\/label><\/div><div><input name='513' type='radio' id='513' value='No'\/><label for='513'>No<\/label><\/div><\/div><label for='513'>By pneumatic hopper loader (for each material)<\/label><\/div><div class=''><div><div><input name='514' type='radio' id='514' value='Yes'\/><label for='514'>Yes<\/label><\/div><div><input name='514' type='radio' id='514' value='No'\/><label for='514'>No<\/label><\/div><\/div><label for='514'>By mechanical (for each material)<\/label><\/div><div class=''><div><div><input name='444' type='radio' id='444' value='Yes'\/><label for='444'>Yes<\/label><\/div><div><input name='444' type='radio' id='444' value='No'\/><label for='444'>No<\/label><\/div><\/div><label for='444'>Parts in contact with material in stainless stee<\/label><\/div><div class=''><textarea type='textarea' name='445' id='445' placeholder=''><\/textarea><label for='445'>Additional comments<\/label><\/div><div class=''><input type='text' name='446' id='446' placeholder=''><label for='446'>Quantity of equipments to be provided<\/label><\/div><input type='hidden' id='form_id' name='form_id' value=''><input type='submit' id='submit_form' name='submit_form' value='Envoyer' class='w-25 p-2 mx-auto btn-submit'><\/form><\/div>\n\t\t\t\t<\/div>\n\t\t\t\t<\/div>\n\t\t\t\t\t<\/div>\n\t\t<\/div>\n\t\t\t\t\t\t\t<\/div>\n\t\t<\/section>\n\t\t\t\t\t\t\t<\/div>\n\t\t","protected":false},"excerpt":{"rendered":"","protected":false},"author":1,"featured_media":0,"parent":0,"menu_order":0,"comment_status":"closed","ping_status":"closed","template":"","meta":{"footnotes":""},"class_list":["post-8595","page","type-page","status-publish","hentry"],"yoast_head":"<!-- This site is optimized with the Yoast SEO plugin v22.3 - https:\/\/yoast.com\/wordpress\/plugins\/seo\/ -->\n<title>DPX Demande - FKW Spiroflux<\/title>\n<meta name=\"robots\" content=\"index, follow, max-snippet:-1, max-image-preview:large, max-video-preview:-1\" \/>\n<link rel=\"canonical\" href=\"https:\/\/fkw-spiroflux.com\/dpx-demande\/\" \/>\n<meta property=\"og:locale\" content=\"en_US\" \/>\n<meta property=\"og:type\" content=\"article\" \/>\n<meta property=\"og:title\" content=\"DPX Demande - FKW Spiroflux\" \/>\n<meta property=\"og:url\" content=\"https:\/\/fkw-spiroflux.com\/dpx-demande\/\" \/>\n<meta property=\"og:site_name\" content=\"FKW Spiroflux\" \/>\n<meta property=\"article:modified_time\" content=\"2023-05-04T15:20:55+00:00\" \/>\n<script type=\"application\/ld+json\" class=\"yoast-schema-graph\">{\"@context\":\"https:\/\/schema.org\",\"@graph\":[{\"@type\":\"WebPage\",\"@id\":\"https:\/\/fkw-spiroflux.com\/dpx-demande\/\",\"url\":\"https:\/\/fkw-spiroflux.com\/dpx-demande\/\",\"name\":\"DPX Demande - FKW Spiroflux\",\"isPartOf\":{\"@id\":\"https:\/\/fkw-spiroflux.com\/#website\"},\"datePublished\":\"2023-04-05T13:32:03+00:00\",\"dateModified\":\"2023-05-04T15:20:55+00:00\",\"breadcrumb\":{\"@id\":\"https:\/\/fkw-spiroflux.com\/dpx-demande\/#breadcrumb\"},\"inLanguage\":\"en-US\",\"potentialAction\":[{\"@type\":\"ReadAction\",\"target\":[\"https:\/\/fkw-spiroflux.com\/dpx-demande\/\"]}]},{\"@type\":\"BreadcrumbList\",\"@id\":\"https:\/\/fkw-spiroflux.com\/dpx-demande\/#breadcrumb\",\"itemListElement\":[{\"@type\":\"ListItem\",\"position\":1,\"name\":\"Home\",\"item\":\"https:\/\/fkw-spiroflux.com\/en\/\"},{\"@type\":\"ListItem\",\"position\":2,\"name\":\"DPX Demande\"}]},{\"@type\":\"WebSite\",\"@id\":\"https:\/\/fkw-spiroflux.com\/#website\",\"url\":\"https:\/\/fkw-spiroflux.com\/\",\"name\":\"FKW Spiroflux\",\"description\":\"Gestion et ma\u00eetrise du flux mati\u00e8re\",\"publisher\":{\"@id\":\"https:\/\/fkw-spiroflux.com\/#organization\"},\"potentialAction\":[{\"@type\":\"SearchAction\",\"target\":{\"@type\":\"EntryPoint\",\"urlTemplate\":\"https:\/\/fkw-spiroflux.com\/?s={search_term_string}\"},\"query-input\":\"required name=search_term_string\"}],\"inLanguage\":\"en-US\"},{\"@type\":\"Organization\",\"@id\":\"https:\/\/fkw-spiroflux.com\/#organization\",\"name\":\"FKW Spiroflux\",\"url\":\"https:\/\/fkw-spiroflux.com\/\",\"logo\":{\"@type\":\"ImageObject\",\"inLanguage\":\"en-US\",\"@id\":\"https:\/\/fkw-spiroflux.com\/#\/schema\/logo\/image\/\",\"url\":\"https:\/\/fkw-spiroflux.com\/wp-content\/uploads\/2023\/01\/logo-fkw-spiroflux-site-mini.png\",\"contentUrl\":\"https:\/\/fkw-spiroflux.com\/wp-content\/uploads\/2023\/01\/logo-fkw-spiroflux-site-mini.png\",\"width\":300,\"height\":76,\"caption\":\"FKW Spiroflux\"},\"image\":{\"@id\":\"https:\/\/fkw-spiroflux.com\/#\/schema\/logo\/image\/\"},\"sameAs\":[\"https:\/\/www.linkedin.com\"]}]}<\/script>\n<!-- \/ Yoast SEO plugin. -->","yoast_head_json":{"title":"DPX Demande - FKW Spiroflux","robots":{"index":"index","follow":"follow","max-snippet":"max-snippet:-1","max-image-preview":"max-image-preview:large","max-video-preview":"max-video-preview:-1"},"canonical":"https:\/\/fkw-spiroflux.com\/dpx-demande\/","og_locale":"en_US","og_type":"article","og_title":"DPX Demande - FKW Spiroflux","og_url":"https:\/\/fkw-spiroflux.com\/dpx-demande\/","og_site_name":"FKW Spiroflux","article_modified_time":"2023-05-04T15:20:55+00:00","schema":{"@context":"https:\/\/schema.org","@graph":[{"@type":"WebPage","@id":"https:\/\/fkw-spiroflux.com\/dpx-demande\/","url":"https:\/\/fkw-spiroflux.com\/dpx-demande\/","name":"DPX Demande - FKW Spiroflux","isPartOf":{"@id":"https:\/\/fkw-spiroflux.com\/#website"},"datePublished":"2023-04-05T13:32:03+00:00","dateModified":"2023-05-04T15:20:55+00:00","breadcrumb":{"@id":"https:\/\/fkw-spiroflux.com\/dpx-demande\/#breadcrumb"},"inLanguage":"en-US","potentialAction":[{"@type":"ReadAction","target":["https:\/\/fkw-spiroflux.com\/dpx-demande\/"]}]},{"@type":"BreadcrumbList","@id":"https:\/\/fkw-spiroflux.com\/dpx-demande\/#breadcrumb","itemListElement":[{"@type":"ListItem","position":1,"name":"Home","item":"https:\/\/fkw-spiroflux.com\/en\/"},{"@type":"ListItem","position":2,"name":"DPX Demande"}]},{"@type":"WebSite","@id":"https:\/\/fkw-spiroflux.com\/#website","url":"https:\/\/fkw-spiroflux.com\/","name":"FKW Spiroflux","description":"Gestion et ma\u00eetrise du flux mati\u00e8re","publisher":{"@id":"https:\/\/fkw-spiroflux.com\/#organization"},"potentialAction":[{"@type":"SearchAction","target":{"@type":"EntryPoint","urlTemplate":"https:\/\/fkw-spiroflux.com\/?s={search_term_string}"},"query-input":"required name=search_term_string"}],"inLanguage":"en-US"},{"@type":"Organization","@id":"https:\/\/fkw-spiroflux.com\/#organization","name":"FKW Spiroflux","url":"https:\/\/fkw-spiroflux.com\/","logo":{"@type":"ImageObject","inLanguage":"en-US","@id":"https:\/\/fkw-spiroflux.com\/#\/schema\/logo\/image\/","url":"https:\/\/fkw-spiroflux.com\/wp-content\/uploads\/2023\/01\/logo-fkw-spiroflux-site-mini.png","contentUrl":"https:\/\/fkw-spiroflux.com\/wp-content\/uploads\/2023\/01\/logo-fkw-spiroflux-site-mini.png","width":300,"height":76,"caption":"FKW Spiroflux"},"image":{"@id":"https:\/\/fkw-spiroflux.com\/#\/schema\/logo\/image\/"},"sameAs":["https:\/\/www.linkedin.com"]}]}},"_links":{"self":[{"href":"https:\/\/fkw-spiroflux.com\/en\/wp-json\/wp\/v2\/pages\/8595","targetHints":{"allow":["GET"]}}],"collection":[{"href":"https:\/\/fkw-spiroflux.com\/en\/wp-json\/wp\/v2\/pages"}],"about":[{"href":"https:\/\/fkw-spiroflux.com\/en\/wp-json\/wp\/v2\/types\/page"}],"author":[{"embeddable":true,"href":"https:\/\/fkw-spiroflux.com\/en\/wp-json\/wp\/v2\/users\/1"}],"replies":[{"embeddable":true,"href":"https:\/\/fkw-spiroflux.com\/en\/wp-json\/wp\/v2\/comments?post=8595"}],"version-history":[{"count":3,"href":"https:\/\/fkw-spiroflux.com\/en\/wp-json\/wp\/v2\/pages\/8595\/revisions"}],"predecessor-version":[{"id":8832,"href":"https:\/\/fkw-spiroflux.com\/en\/wp-json\/wp\/v2\/pages\/8595\/revisions\/8832"}],"wp:attachment":[{"href":"https:\/\/fkw-spiroflux.com\/en\/wp-json\/wp\/v2\/media?parent=8595"}],"curies":[{"name":"wp","href":"https:\/\/api.w.org\/{rel}","templated":true}]}}