{"id":8593,"date":"2023-04-05T13:35:40","date_gmt":"2023-04-05T13:35:40","guid":{"rendered":"https:\/\/fkw-spiroflux.com\/drd-demande\/"},"modified":"2023-05-04T15:21:52","modified_gmt":"2023-05-04T15:21:52","slug":"drd-demande","status":"publish","type":"page","link":"https:\/\/fkw-spiroflux.com\/en\/drd-demande\/","title":{"rendered":"DRD Demande"},"content":{"rendered":"\t\t<div data-elementor-type=\"wp-page\" data-elementor-id=\"8593\" class=\"elementor elementor-8593 elementor-8276\">\n\t\t\t\t\t\t\t\t\t<section class=\"elementor-section elementor-top-section elementor-element elementor-element-8e79343 elementor-section-boxed elementor-section-height-default elementor-section-height-default\" data-id=\"8e79343\" data-element_type=\"section\">\n\t\t\t\t\t\t<div class=\"elementor-container elementor-column-gap-default\">\n\t\t\t\t\t<div class=\"elementor-column elementor-col-100 elementor-top-column elementor-element elementor-element-2440be3\" data-id=\"2440be3\" data-element_type=\"column\">\n\t\t\t<div class=\"elementor-widget-wrap elementor-element-populated\">\n\t\t\t\t\t\t\t\t<div class=\"elementor-element elementor-element-64403c4 elementor-widget elementor-widget-shortcode\" data-id=\"64403c4\" data-element_type=\"widget\" data-widget_type=\"shortcode.default\">\n\t\t\t\t<div class=\"elementor-widget-container\">\n\t\t\t\t\t<div class=\"elementor-shortcode\"><p>Vous \u00eates connect\u00e9 allez \u00eatre redirig\u00e9 dans quelques secondes...<\/p><script>\r\n\t\t\t\/\/ Fonction de d\u00e9connexion et redirection\r\n\t\t\tfunction loginAndRedirect() {\r\n\t\t\t\t\/\/ Redirigez vers l'URL de d\u00e9connexion ou l'URL sp\u00e9cifi\u00e9e dans le shortcode\r\n\t\t\t\twindow.location.href = \"\/en\/\/login\";\r\n\t\t\t}\r\n\r\n\t\t\t\/\/ Redirigez apr\u00e8s un d\u00e9lai (en millisecondes)\r\n\t\t\tsetTimeout(loginAndRedirect, 0);\r\n\t\t<\/script><form method=\"post\" class=\"youform_front\"><h3>Technical specifications<\/h3><div class=''><select name='329' id='329'><option value='' selected disabled hidden>Choisissez une Option<\/option><option value='400V Three phase'>400V Three phase<\/option><\/select><label for='329'>Power<\/label><\/div><div class=''><input type='text' name='330' id='330' placeholder=''><label for='330'>Machine throughput (kg\/h)<\/label><\/div><h3>Material 1<\/h3><div class=''><select name='333' id='333'><option value='' selected disabled hidden>Choisissez une Option<\/option><option value='Granules'>Granules<\/option><option value='Regrind'>Regrind<\/option><option value='Powder'>Powder<\/option><\/select><label for='333'>Type<\/label><\/div><div class=''><select name='346' id='346'><option value='' selected disabled hidden>Choisissez une Option<\/option><option value='Good'>Good<\/option><option value='Bad'>Bad<\/option><\/select><label for='346'>Flow ability<\/label><\/div><div class=''><input type='text' name='347' id='347' placeholder=''><label for='347'>Bulk density <\/label><\/div><h3>Material 2<\/h3><div class=''><select name='345' id='345'><option value='' selected disabled hidden>Choisissez une Option<\/option><option value='Granules'>Granules<\/option><option value='Regrind'>Regrind<\/option><option value='Powder'>Powder<\/option><\/select><label for='345'>Type<\/label><\/div><div class=''><select name='334' id='334'><option value='' selected disabled hidden>Choisissez une Option<\/option><option value='Good'>Good<\/option><option value='Bad'>Bad<\/option><\/select><label for='334'>Flow ability<\/label><\/div><div class=''><input type='text' name='339' id='339' placeholder=''><label for='339'>Bulk density <\/label><\/div><h3>Material 3<\/h3><div class=''><select name='341' id='341'><option value='' selected disabled hidden>Choisissez une Option<\/option><option value='Granules'>Granules<\/option><option value='Regrind'>Regrind<\/option><option value='Powder'>Powder<\/option><\/select><label for='341'>Type<\/label><\/div><div class=''><select name='342' id='342'><option value='' selected disabled hidden>Choisissez une Option<\/option><option value='Good'>Good<\/option><option value='Bad'>Bad<\/option><\/select><label for='342'>Flow ability<\/label><\/div><div class=''><input type='text' name='335' id='335' placeholder=''><label for='335'>Bulk density <\/label><\/div><h3>Material 4<\/h3><div class=''><select name='337' id='337'><option value='' selected disabled hidden>Choisissez une Option<\/option><option value='Granules'>Granules<\/option><option value='Regrind'>Regrind<\/option><option value='Powder'>Powder<\/option><\/select><label for='337'>Type<\/label><\/div><div class=''><select name='338' id='338'><option value='' selected disabled hidden>Choisissez une Option<\/option><option value='Good'>Good<\/option><option value='Bad'>Bad<\/option><\/select><label for='338'>Flow ability<\/label><\/div><div class=''><input type='text' name='343' id='343' placeholder=''><label for='343'>Bulk density <\/label><\/div><h3>D\u00e9bits<\/h3><div class=''><input type='text' name='348' id='348' placeholder='From xx to xx%'><label for='348'>Throughput material 1<\/label><\/div><div class=''><input type='text' name='349' id='349' placeholder='From xx to xx%'><label for='349'>Throughput material 2<\/label><\/div><div class=''><input type='text' name='350' id='350' placeholder='From xx to xx%'><label for='350'>Throughput material 3<\/label><\/div><div class=''><input type='text' name='351' id='351' placeholder='From xx to xx%'><label for='351'>Throughput material 4<\/label><\/div><h3>Additionnal informations<\/h3><div class=''><select name='352' id='352'><option value='' selected disabled hidden>Choisissez une Option<\/option><option value='Alimentateur m\u00e9canique'>Alimentateur m\u00e9canique<\/option><option value='Alimentateur pneumatique'>Alimentateur pneumatique<\/option><\/select><label for='352'>Type d'alimentation machine<\/label><\/div><div class=''><textarea type='textarea' name='353' id='353' placeholder='50 \/ 100 \/ 200 \/ 400'><\/textarea><label for='353'>Capacity of hoppers (for each material)<\/label><\/div><div class=''><textarea type='textarea' name='354' id='354' placeholder='Yes \/ No'><\/textarea><label for='354'>Low level sensor (precise material)<\/label><\/div><div class=''><div><div><input name='355' type='radio' id='355' value='Yes'\/><label for='355'>Yes<\/label><\/div><div><input name='355' type='radio' id='355' value='No'\/><label for='355'>No<\/label><\/div><\/div><label for='355'>With visual alarm<\/label><\/div><div class=''><div><div><input name='356' type='radio' id='356' value='Yes'\/><label for='356'>Yes<\/label><\/div><div><input name='356' type='radio' id='356' value='No'\/><label for='356'>No<\/label><\/div><\/div><label for='356'>With sound alarm<\/label><\/div><div class=''><textarea type='textarea' name='357' id='357' placeholder='to specifiy'><\/textarea><label for='357'>Function of the sensor<\/label><\/div><div class=''><textarea type='textarea' name='358' id='358' placeholder='Yes;No'><\/textarea><label for='358'>High level sensor (precise material<\/label><\/div><div class=''><div><div><input name='359' type='radio' id='359' value='Yes'\/><label for='359'>Yes<\/label><\/div><div><input name='359' type='radio' id='359' value='No'\/><label for='359'>No<\/label><\/div><\/div><label for='359'>With visual alarm<\/label><\/div><div class=''><div><div><input name='360' type='radio' id='360' value='Yes'\/><label for='360'>Yes<\/label><\/div><div><input name='360' type='radio' id='360' value='No'\/><label for='360'>No<\/label><\/div><\/div><label for='360'>With sound alarm<\/label><\/div><div class=''><textarea type='textarea' name='363' id='363' placeholder='To specify'><\/textarea><label for='363'>Function of the sensor<\/label><\/div><div class=''><div><div><input name='364' type='radio' id='364' value='Yes'\/><label for='364'>Yes<\/label><\/div><div><input name='364' type='radio' id='364' value='No'\/><label for='364'>No<\/label><\/div><\/div><label for='364'>Parts in contact with material in stainless steel<\/label><\/div><div class=''><textarea type='textarea' name='365' id='365' placeholder=''><\/textarea><label for='365'>Additional comments<\/label><\/div><div class=''><textarea type='textarea' name='366' id='366' placeholder=''><\/textarea><label for='366'>Quantity of equipments to be provided<\/label><\/div><input type='hidden' id='form_id' name='form_id' value=''><input type='submit' id='submit_form' name='submit_form' value='Envoyer' class='w-25 p-2 mx-auto btn-submit'><\/form><\/div>\n\t\t\t\t<\/div>\n\t\t\t\t<\/div>\n\t\t\t\t\t<\/div>\n\t\t<\/div>\n\t\t\t\t\t\t\t<\/div>\n\t\t<\/section>\n\t\t\t\t\t\t\t<\/div>\n\t\t","protected":false},"excerpt":{"rendered":"","protected":false},"author":1,"featured_media":0,"parent":0,"menu_order":0,"comment_status":"closed","ping_status":"closed","template":"","meta":{"footnotes":""},"class_list":["post-8593","page","type-page","status-publish","hentry"],"yoast_head":"<!-- This site is optimized with the Yoast SEO plugin v22.3 - https:\/\/yoast.com\/wordpress\/plugins\/seo\/ -->\n<title>DRD Demande - FKW Spiroflux<\/title>\n<meta name=\"robots\" content=\"index, follow, max-snippet:-1, max-image-preview:large, max-video-preview:-1\" \/>\n<link rel=\"canonical\" href=\"https:\/\/fkw-spiroflux.com\/drd-demande\/\" \/>\n<meta property=\"og:locale\" content=\"en_US\" \/>\n<meta property=\"og:type\" content=\"article\" \/>\n<meta property=\"og:title\" content=\"DRD Demande - FKW Spiroflux\" \/>\n<meta property=\"og:url\" content=\"https:\/\/fkw-spiroflux.com\/drd-demande\/\" \/>\n<meta property=\"og:site_name\" content=\"FKW Spiroflux\" \/>\n<meta property=\"article:modified_time\" content=\"2023-05-04T15:21:52+00:00\" \/>\n<script type=\"application\/ld+json\" class=\"yoast-schema-graph\">{\"@context\":\"https:\/\/schema.org\",\"@graph\":[{\"@type\":\"WebPage\",\"@id\":\"https:\/\/fkw-spiroflux.com\/drd-demande\/\",\"url\":\"https:\/\/fkw-spiroflux.com\/drd-demande\/\",\"name\":\"DRD Demande - FKW Spiroflux\",\"isPartOf\":{\"@id\":\"https:\/\/fkw-spiroflux.com\/#website\"},\"datePublished\":\"2023-04-05T13:35:40+00:00\",\"dateModified\":\"2023-05-04T15:21:52+00:00\",\"breadcrumb\":{\"@id\":\"https:\/\/fkw-spiroflux.com\/drd-demande\/#breadcrumb\"},\"inLanguage\":\"en-US\",\"potentialAction\":[{\"@type\":\"ReadAction\",\"target\":[\"https:\/\/fkw-spiroflux.com\/drd-demande\/\"]}]},{\"@type\":\"BreadcrumbList\",\"@id\":\"https:\/\/fkw-spiroflux.com\/drd-demande\/#breadcrumb\",\"itemListElement\":[{\"@type\":\"ListItem\",\"position\":1,\"name\":\"Home\",\"item\":\"https:\/\/fkw-spiroflux.com\/en\/\"},{\"@type\":\"ListItem\",\"position\":2,\"name\":\"DRD Demande\"}]},{\"@type\":\"WebSite\",\"@id\":\"https:\/\/fkw-spiroflux.com\/#website\",\"url\":\"https:\/\/fkw-spiroflux.com\/\",\"name\":\"FKW Spiroflux\",\"description\":\"Gestion et ma\u00eetrise du flux mati\u00e8re\",\"publisher\":{\"@id\":\"https:\/\/fkw-spiroflux.com\/#organization\"},\"potentialAction\":[{\"@type\":\"SearchAction\",\"target\":{\"@type\":\"EntryPoint\",\"urlTemplate\":\"https:\/\/fkw-spiroflux.com\/?s={search_term_string}\"},\"query-input\":\"required name=search_term_string\"}],\"inLanguage\":\"en-US\"},{\"@type\":\"Organization\",\"@id\":\"https:\/\/fkw-spiroflux.com\/#organization\",\"name\":\"FKW Spiroflux\",\"url\":\"https:\/\/fkw-spiroflux.com\/\",\"logo\":{\"@type\":\"ImageObject\",\"inLanguage\":\"en-US\",\"@id\":\"https:\/\/fkw-spiroflux.com\/#\/schema\/logo\/image\/\",\"url\":\"https:\/\/fkw-spiroflux.com\/wp-content\/uploads\/2023\/01\/logo-fkw-spiroflux-site-mini.png\",\"contentUrl\":\"https:\/\/fkw-spiroflux.com\/wp-content\/uploads\/2023\/01\/logo-fkw-spiroflux-site-mini.png\",\"width\":300,\"height\":76,\"caption\":\"FKW Spiroflux\"},\"image\":{\"@id\":\"https:\/\/fkw-spiroflux.com\/#\/schema\/logo\/image\/\"},\"sameAs\":[\"https:\/\/www.linkedin.com\"]}]}<\/script>\n<!-- \/ Yoast SEO plugin. -->","yoast_head_json":{"title":"DRD Demande - FKW Spiroflux","robots":{"index":"index","follow":"follow","max-snippet":"max-snippet:-1","max-image-preview":"max-image-preview:large","max-video-preview":"max-video-preview:-1"},"canonical":"https:\/\/fkw-spiroflux.com\/drd-demande\/","og_locale":"en_US","og_type":"article","og_title":"DRD Demande - FKW Spiroflux","og_url":"https:\/\/fkw-spiroflux.com\/drd-demande\/","og_site_name":"FKW Spiroflux","article_modified_time":"2023-05-04T15:21:52+00:00","schema":{"@context":"https:\/\/schema.org","@graph":[{"@type":"WebPage","@id":"https:\/\/fkw-spiroflux.com\/drd-demande\/","url":"https:\/\/fkw-spiroflux.com\/drd-demande\/","name":"DRD Demande - FKW Spiroflux","isPartOf":{"@id":"https:\/\/fkw-spiroflux.com\/#website"},"datePublished":"2023-04-05T13:35:40+00:00","dateModified":"2023-05-04T15:21:52+00:00","breadcrumb":{"@id":"https:\/\/fkw-spiroflux.com\/drd-demande\/#breadcrumb"},"inLanguage":"en-US","potentialAction":[{"@type":"ReadAction","target":["https:\/\/fkw-spiroflux.com\/drd-demande\/"]}]},{"@type":"BreadcrumbList","@id":"https:\/\/fkw-spiroflux.com\/drd-demande\/#breadcrumb","itemListElement":[{"@type":"ListItem","position":1,"name":"Home","item":"https:\/\/fkw-spiroflux.com\/en\/"},{"@type":"ListItem","position":2,"name":"DRD Demande"}]},{"@type":"WebSite","@id":"https:\/\/fkw-spiroflux.com\/#website","url":"https:\/\/fkw-spiroflux.com\/","name":"FKW Spiroflux","description":"Gestion et ma\u00eetrise du flux mati\u00e8re","publisher":{"@id":"https:\/\/fkw-spiroflux.com\/#organization"},"potentialAction":[{"@type":"SearchAction","target":{"@type":"EntryPoint","urlTemplate":"https:\/\/fkw-spiroflux.com\/?s={search_term_string}"},"query-input":"required name=search_term_string"}],"inLanguage":"en-US"},{"@type":"Organization","@id":"https:\/\/fkw-spiroflux.com\/#organization","name":"FKW Spiroflux","url":"https:\/\/fkw-spiroflux.com\/","logo":{"@type":"ImageObject","inLanguage":"en-US","@id":"https:\/\/fkw-spiroflux.com\/#\/schema\/logo\/image\/","url":"https:\/\/fkw-spiroflux.com\/wp-content\/uploads\/2023\/01\/logo-fkw-spiroflux-site-mini.png","contentUrl":"https:\/\/fkw-spiroflux.com\/wp-content\/uploads\/2023\/01\/logo-fkw-spiroflux-site-mini.png","width":300,"height":76,"caption":"FKW Spiroflux"},"image":{"@id":"https:\/\/fkw-spiroflux.com\/#\/schema\/logo\/image\/"},"sameAs":["https:\/\/www.linkedin.com"]}]}},"_links":{"self":[{"href":"https:\/\/fkw-spiroflux.com\/en\/wp-json\/wp\/v2\/pages\/8593","targetHints":{"allow":["GET"]}}],"collection":[{"href":"https:\/\/fkw-spiroflux.com\/en\/wp-json\/wp\/v2\/pages"}],"about":[{"href":"https:\/\/fkw-spiroflux.com\/en\/wp-json\/wp\/v2\/types\/page"}],"author":[{"embeddable":true,"href":"https:\/\/fkw-spiroflux.com\/en\/wp-json\/wp\/v2\/users\/1"}],"replies":[{"embeddable":true,"href":"https:\/\/fkw-spiroflux.com\/en\/wp-json\/wp\/v2\/comments?post=8593"}],"version-history":[{"count":3,"href":"https:\/\/fkw-spiroflux.com\/en\/wp-json\/wp\/v2\/pages\/8593\/revisions"}],"predecessor-version":[{"id":8850,"href":"https:\/\/fkw-spiroflux.com\/en\/wp-json\/wp\/v2\/pages\/8593\/revisions\/8850"}],"wp:attachment":[{"href":"https:\/\/fkw-spiroflux.com\/en\/wp-json\/wp\/v2\/media?parent=8593"}],"curies":[{"name":"wp","href":"https:\/\/api.w.org\/{rel}","templated":true}]}}