{"id":8591,"date":"2023-04-05T13:42:27","date_gmt":"2023-04-05T13:42:27","guid":{"rendered":"https:\/\/fkw-spiroflux.com\/tsx-demande\/"},"modified":"2023-05-04T15:21:32","modified_gmt":"2023-05-04T15:21:32","slug":"tsx-demande","status":"publish","type":"page","link":"https:\/\/fkw-spiroflux.com\/en\/tsx-demande\/","title":{"rendered":"TSX Demande"},"content":{"rendered":"\t\t<div data-elementor-type=\"wp-page\" data-elementor-id=\"8591\" class=\"elementor elementor-8591 elementor-8295\">\n\t\t\t\t\t\t\t\t\t<section class=\"elementor-section elementor-top-section elementor-element elementor-element-81b7752 elementor-section-boxed elementor-section-height-default elementor-section-height-default\" data-id=\"81b7752\" data-element_type=\"section\">\n\t\t\t\t\t\t<div class=\"elementor-container elementor-column-gap-default\">\n\t\t\t\t\t<div class=\"elementor-column elementor-col-100 elementor-top-column elementor-element elementor-element-c0cf805\" data-id=\"c0cf805\" data-element_type=\"column\">\n\t\t\t<div class=\"elementor-widget-wrap elementor-element-populated\">\n\t\t\t\t\t\t\t\t<div class=\"elementor-element elementor-element-bd80711 elementor-widget elementor-widget-shortcode\" data-id=\"bd80711\" data-element_type=\"widget\" data-widget_type=\"shortcode.default\">\n\t\t\t\t<div class=\"elementor-widget-container\">\n\t\t\t\t\t<div class=\"elementor-shortcode\"><p>Vous \u00eates connect\u00e9 allez \u00eatre redirig\u00e9 dans quelques secondes...<\/p><script>\r\n\t\t\t\/\/ Fonction de d\u00e9connexion et redirection\r\n\t\t\tfunction loginAndRedirect() {\r\n\t\t\t\t\/\/ Redirigez vers l'URL de d\u00e9connexion ou l'URL sp\u00e9cifi\u00e9e dans le shortcode\r\n\t\t\t\twindow.location.href = \"\/en\/\/login\";\r\n\t\t\t}\r\n\r\n\t\t\t\/\/ Redirigez apr\u00e8s un d\u00e9lai (en millisecondes)\r\n\t\t\tsetTimeout(loginAndRedirect, 0);\r\n\t\t<\/script><form method=\"post\" class=\"youform_front\"><h3>Material definition<\/h3><div class=''><select name='451' id='451'><option value='' selected disabled hidden>Choisissez une Option<\/option><option value='Granules'>Granules<\/option><\/select><label for='451'>Type<\/label><\/div><div class=''><input type='text' name='452' id='452' placeholder=''><label for='452'>Bulk density of material<\/label><\/div><div class=''><select name='453' id='453'><option value='' selected disabled hidden>Choisissez une Option<\/option><option value='Good'>Good<\/option><option value='Bad'>Bad<\/option><\/select><label for='453'>Flow ability<\/label><\/div><div class=''><div><div><input name='454' type='radio' id='454' value='Yes'\/><label for='454'>Yes<\/label><\/div><div><input name='454' type='radio' id='454' value='No'\/><label for='454'>No<\/label><\/div><\/div><label for='454'>Bridging effect<\/label><\/div><div class=''><div><div><input name='455' type='radio' id='455' value='Yes'\/><label for='455'>Yes<\/label><\/div><div><input name='455' type='radio' id='455' value='No'\/><label for='455'>No<\/label><\/div><\/div><label for='455'>Binding effect<\/label><\/div><div class=''><select name='456' id='456'><option value='' selected disabled hidden>Choisissez une Option<\/option><option value='Ambiant'>Ambiant<\/option><option value='Other'>Other<\/option><\/select><label for='456'>Material temperature<\/label><\/div><div class=''><input type='text' name='457' id='457' placeholder=''><label for='457'>Other temperature<\/label><\/div><h3>Technical specifications<\/h3><div class=''><select name='461' id='461'><option value='' selected disabled hidden>Choisissez une Option<\/option><option value='230 V single phase'>230 V single phase<\/option><option value='400 V three phases + neutral.\n'>400 V three phases + neutral.\n<\/option><\/select><label for='461'>Voltage<\/label><\/div><div class=''><input type='text' name='462' id='462' placeholder=''><label for='462'>Throughput (kg\/h)<\/label><\/div><div class=''><input type='text' name='463' id='463' placeholder=''><label for='463'>Drying temperature (\u00b0C)<\/label><\/div><div class=''><input type='text' name='464' id='464' placeholder=''><label for='464'>Drying time (en heure)<\/label><\/div><div class=''><select name='465' id='465'><option value='' selected disabled hidden>Choisissez une Option<\/option><option value='Yes'>Yes<\/option><option value='No'>No<\/option><\/select><label for='465'>Deshumidifier<\/label><\/div><h3>Additionnal informations<\/h3><div class=''><div><div><input name='470' type='radio' id='470' value='Yes'\/><label for='470'>Yes<\/label><\/div><div><input name='470' type='radio' id='470' value='No'\/><label for='470'>No<\/label><\/div><\/div><label for='470'>Trolley \/ frame<\/label><\/div><div class=''><div><div><input name='471' type='radio' id='471' value='Yes'\/><label for='471'>Yes<\/label><\/div><div><input name='471' type='radio' id='471' value='No'\/><label for='471'>No<\/label><\/div><\/div><label for='471'>Crosse piece with drain stitch if machine mounted <\/label><\/div><div class=''><div><div><input name='472' type='radio' id='472' value='Oui'\/><label for='472'>Oui<\/label><\/div><div><input name='472' type='radio' id='472' value='Non'\/><label for='472'>Non<\/label><\/div><\/div><label for='472'>Par alimentateur m\u00e9canique<\/label><\/div><p>Feeding of insulated hopper<\/p><div class=''><div><div><input name='475' type='radio' id='475' value='Yes'\/><label for='475'>Yes<\/label><\/div><div><input name='475' type='radio' id='475' value='No'\/><label for='475'>No<\/label><\/div><\/div><label for='475'>Manual loading (for each material) <\/label><\/div><div class=''><div><div><input name='476' type='radio' id='476' value='Yes'\/><label for='476'>Yes<\/label><\/div><div><input name='476' type='radio' id='476' value='No'\/><label for='476'>No<\/label><\/div><\/div><label for='476'>By pneumatic hopper loader<\/label><\/div><div class=''><div><div><input name='467' type='radio' id='467' value='Yes'\/><label for='467'>Yes<\/label><\/div><div><input name='467' type='radio' id='467' value='No'\/><label for='467'>No<\/label><\/div><\/div><label for='467'>By mechanical (for each material) <\/label><\/div><p>Machine hopper feed<\/p><div class=''><div><div><input name='508' type='radio' id='508' value='Yes'\/><label for='508'>Yes<\/label><\/div><div><input name='508' type='radio' id='508' value='No'\/><label for='508'>No<\/label><\/div><\/div><label for='508'>Manual loading (for each material) <\/label><\/div><div class=''><div><div><input name='509' type='radio' id='509' value='Yes'\/><label for='509'>Yes<\/label><\/div><div><input name='509' type='radio' id='509' value='No'\/><label for='509'>No<\/label><\/div><\/div><label for='509'>By pneumatic hopper loader (precise \u00d8 of pipe if existing and quantity)<\/label><\/div><div class=''><div><div><input name='510' type='radio' id='510' value='Yes'\/><label for='510'>Yes<\/label><\/div><div><input name='510' type='radio' id='510' value='No'\/><label for='510'>No<\/label><\/div><\/div><label for='510'>By mechanical (for each material) <\/label><\/div><div class=''><textarea type='textarea' name='477' id='477' placeholder=''><\/textarea><label for='477'>Additional comments<\/label><\/div><div class=''><input type='text' name='478' id='478' placeholder=''><label for='478'>Quantity of equipments to be provided<\/label><\/div><input type='hidden' id='form_id' name='form_id' value=''><input type='submit' id='submit_form' name='submit_form' value='Envoyer' class='w-25 p-2 mx-auto btn-submit'><\/form><\/div>\n\t\t\t\t<\/div>\n\t\t\t\t<\/div>\n\t\t\t\t\t<\/div>\n\t\t<\/div>\n\t\t\t\t\t\t\t<\/div>\n\t\t<\/section>\n\t\t\t\t\t\t\t<\/div>\n\t\t","protected":false},"excerpt":{"rendered":"","protected":false},"author":1,"featured_media":0,"parent":0,"menu_order":0,"comment_status":"closed","ping_status":"closed","template":"","meta":{"footnotes":""},"class_list":["post-8591","page","type-page","status-publish","hentry"],"yoast_head":"<!-- This site is optimized with the Yoast SEO plugin v22.3 - https:\/\/yoast.com\/wordpress\/plugins\/seo\/ -->\n<title>TSX Demande - FKW Spiroflux<\/title>\n<meta name=\"robots\" content=\"index, follow, max-snippet:-1, max-image-preview:large, max-video-preview:-1\" \/>\n<link rel=\"canonical\" href=\"https:\/\/fkw-spiroflux.com\/tsx-demande\/\" \/>\n<meta property=\"og:locale\" content=\"en_US\" \/>\n<meta property=\"og:type\" content=\"article\" \/>\n<meta property=\"og:title\" content=\"TSX Demande - FKW Spiroflux\" \/>\n<meta property=\"og:url\" content=\"https:\/\/fkw-spiroflux.com\/tsx-demande\/\" \/>\n<meta property=\"og:site_name\" content=\"FKW Spiroflux\" \/>\n<meta property=\"article:modified_time\" content=\"2023-05-04T15:21:32+00:00\" \/>\n<script type=\"application\/ld+json\" class=\"yoast-schema-graph\">{\"@context\":\"https:\/\/schema.org\",\"@graph\":[{\"@type\":\"WebPage\",\"@id\":\"https:\/\/fkw-spiroflux.com\/tsx-demande\/\",\"url\":\"https:\/\/fkw-spiroflux.com\/tsx-demande\/\",\"name\":\"TSX Demande - FKW Spiroflux\",\"isPartOf\":{\"@id\":\"https:\/\/fkw-spiroflux.com\/#website\"},\"datePublished\":\"2023-04-05T13:42:27+00:00\",\"dateModified\":\"2023-05-04T15:21:32+00:00\",\"breadcrumb\":{\"@id\":\"https:\/\/fkw-spiroflux.com\/tsx-demande\/#breadcrumb\"},\"inLanguage\":\"en-US\",\"potentialAction\":[{\"@type\":\"ReadAction\",\"target\":[\"https:\/\/fkw-spiroflux.com\/tsx-demande\/\"]}]},{\"@type\":\"BreadcrumbList\",\"@id\":\"https:\/\/fkw-spiroflux.com\/tsx-demande\/#breadcrumb\",\"itemListElement\":[{\"@type\":\"ListItem\",\"position\":1,\"name\":\"Home\",\"item\":\"https:\/\/fkw-spiroflux.com\/en\/\"},{\"@type\":\"ListItem\",\"position\":2,\"name\":\"TSX Demande\"}]},{\"@type\":\"WebSite\",\"@id\":\"https:\/\/fkw-spiroflux.com\/#website\",\"url\":\"https:\/\/fkw-spiroflux.com\/\",\"name\":\"FKW Spiroflux\",\"description\":\"Gestion et ma\u00eetrise du flux mati\u00e8re\",\"publisher\":{\"@id\":\"https:\/\/fkw-spiroflux.com\/#organization\"},\"potentialAction\":[{\"@type\":\"SearchAction\",\"target\":{\"@type\":\"EntryPoint\",\"urlTemplate\":\"https:\/\/fkw-spiroflux.com\/?s={search_term_string}\"},\"query-input\":\"required name=search_term_string\"}],\"inLanguage\":\"en-US\"},{\"@type\":\"Organization\",\"@id\":\"https:\/\/fkw-spiroflux.com\/#organization\",\"name\":\"FKW Spiroflux\",\"url\":\"https:\/\/fkw-spiroflux.com\/\",\"logo\":{\"@type\":\"ImageObject\",\"inLanguage\":\"en-US\",\"@id\":\"https:\/\/fkw-spiroflux.com\/#\/schema\/logo\/image\/\",\"url\":\"https:\/\/fkw-spiroflux.com\/wp-content\/uploads\/2023\/01\/logo-fkw-spiroflux-site-mini.png\",\"contentUrl\":\"https:\/\/fkw-spiroflux.com\/wp-content\/uploads\/2023\/01\/logo-fkw-spiroflux-site-mini.png\",\"width\":300,\"height\":76,\"caption\":\"FKW Spiroflux\"},\"image\":{\"@id\":\"https:\/\/fkw-spiroflux.com\/#\/schema\/logo\/image\/\"},\"sameAs\":[\"https:\/\/www.linkedin.com\"]}]}<\/script>\n<!-- \/ Yoast SEO plugin. -->","yoast_head_json":{"title":"TSX Demande - FKW Spiroflux","robots":{"index":"index","follow":"follow","max-snippet":"max-snippet:-1","max-image-preview":"max-image-preview:large","max-video-preview":"max-video-preview:-1"},"canonical":"https:\/\/fkw-spiroflux.com\/tsx-demande\/","og_locale":"en_US","og_type":"article","og_title":"TSX Demande - FKW Spiroflux","og_url":"https:\/\/fkw-spiroflux.com\/tsx-demande\/","og_site_name":"FKW Spiroflux","article_modified_time":"2023-05-04T15:21:32+00:00","schema":{"@context":"https:\/\/schema.org","@graph":[{"@type":"WebPage","@id":"https:\/\/fkw-spiroflux.com\/tsx-demande\/","url":"https:\/\/fkw-spiroflux.com\/tsx-demande\/","name":"TSX Demande - FKW Spiroflux","isPartOf":{"@id":"https:\/\/fkw-spiroflux.com\/#website"},"datePublished":"2023-04-05T13:42:27+00:00","dateModified":"2023-05-04T15:21:32+00:00","breadcrumb":{"@id":"https:\/\/fkw-spiroflux.com\/tsx-demande\/#breadcrumb"},"inLanguage":"en-US","potentialAction":[{"@type":"ReadAction","target":["https:\/\/fkw-spiroflux.com\/tsx-demande\/"]}]},{"@type":"BreadcrumbList","@id":"https:\/\/fkw-spiroflux.com\/tsx-demande\/#breadcrumb","itemListElement":[{"@type":"ListItem","position":1,"name":"Home","item":"https:\/\/fkw-spiroflux.com\/en\/"},{"@type":"ListItem","position":2,"name":"TSX Demande"}]},{"@type":"WebSite","@id":"https:\/\/fkw-spiroflux.com\/#website","url":"https:\/\/fkw-spiroflux.com\/","name":"FKW Spiroflux","description":"Gestion et ma\u00eetrise du flux mati\u00e8re","publisher":{"@id":"https:\/\/fkw-spiroflux.com\/#organization"},"potentialAction":[{"@type":"SearchAction","target":{"@type":"EntryPoint","urlTemplate":"https:\/\/fkw-spiroflux.com\/?s={search_term_string}"},"query-input":"required name=search_term_string"}],"inLanguage":"en-US"},{"@type":"Organization","@id":"https:\/\/fkw-spiroflux.com\/#organization","name":"FKW Spiroflux","url":"https:\/\/fkw-spiroflux.com\/","logo":{"@type":"ImageObject","inLanguage":"en-US","@id":"https:\/\/fkw-spiroflux.com\/#\/schema\/logo\/image\/","url":"https:\/\/fkw-spiroflux.com\/wp-content\/uploads\/2023\/01\/logo-fkw-spiroflux-site-mini.png","contentUrl":"https:\/\/fkw-spiroflux.com\/wp-content\/uploads\/2023\/01\/logo-fkw-spiroflux-site-mini.png","width":300,"height":76,"caption":"FKW Spiroflux"},"image":{"@id":"https:\/\/fkw-spiroflux.com\/#\/schema\/logo\/image\/"},"sameAs":["https:\/\/www.linkedin.com"]}]}},"_links":{"self":[{"href":"https:\/\/fkw-spiroflux.com\/en\/wp-json\/wp\/v2\/pages\/8591","targetHints":{"allow":["GET"]}}],"collection":[{"href":"https:\/\/fkw-spiroflux.com\/en\/wp-json\/wp\/v2\/pages"}],"about":[{"href":"https:\/\/fkw-spiroflux.com\/en\/wp-json\/wp\/v2\/types\/page"}],"author":[{"embeddable":true,"href":"https:\/\/fkw-spiroflux.com\/en\/wp-json\/wp\/v2\/users\/1"}],"replies":[{"embeddable":true,"href":"https:\/\/fkw-spiroflux.com\/en\/wp-json\/wp\/v2\/comments?post=8591"}],"version-history":[{"count":3,"href":"https:\/\/fkw-spiroflux.com\/en\/wp-json\/wp\/v2\/pages\/8591\/revisions"}],"predecessor-version":[{"id":8841,"href":"https:\/\/fkw-spiroflux.com\/en\/wp-json\/wp\/v2\/pages\/8591\/revisions\/8841"}],"wp:attachment":[{"href":"https:\/\/fkw-spiroflux.com\/en\/wp-json\/wp\/v2\/media?parent=8591"}],"curies":[{"name":"wp","href":"https:\/\/api.w.org\/{rel}","templated":true}]}}