{"id":8588,"date":"2023-04-05T13:49:25","date_gmt":"2023-04-05T13:49:25","guid":{"rendered":"https:\/\/fkw-spiroflux.com\/vfs-demande\/"},"modified":"2023-05-04T15:21:44","modified_gmt":"2023-05-04T15:21:44","slug":"vfs-demande","status":"publish","type":"page","link":"https:\/\/fkw-spiroflux.com\/en\/vfs-demande\/","title":{"rendered":"VFS Demande"},"content":{"rendered":"\t\t<div data-elementor-type=\"wp-page\" data-elementor-id=\"8588\" class=\"elementor elementor-8588 elementor-8329\">\n\t\t\t\t\t\t\t\t\t<section class=\"elementor-section elementor-top-section elementor-element elementor-element-557574c elementor-section-boxed elementor-section-height-default elementor-section-height-default\" data-id=\"557574c\" data-element_type=\"section\">\n\t\t\t\t\t\t<div class=\"elementor-container elementor-column-gap-default\">\n\t\t\t\t\t<div class=\"elementor-column elementor-col-100 elementor-top-column elementor-element elementor-element-e1db2de\" data-id=\"e1db2de\" data-element_type=\"column\">\n\t\t\t<div class=\"elementor-widget-wrap elementor-element-populated\">\n\t\t\t\t\t\t\t\t<div class=\"elementor-element elementor-element-479d14d elementor-widget elementor-widget-shortcode\" data-id=\"479d14d\" data-element_type=\"widget\" data-widget_type=\"shortcode.default\">\n\t\t\t\t<div class=\"elementor-widget-container\">\n\t\t\t\t\t<div class=\"elementor-shortcode\"><p>Vous \u00eates connect\u00e9 allez \u00eatre redirig\u00e9 dans quelques secondes...<\/p><script>\r\n\t\t\t\/\/ Fonction de d\u00e9connexion et redirection\r\n\t\t\tfunction loginAndRedirect() {\r\n\t\t\t\t\/\/ Redirigez vers l'URL de d\u00e9connexion ou l'URL sp\u00e9cifi\u00e9e dans le shortcode\r\n\t\t\t\twindow.location.href = \"\/en\/\/login\";\r\n\t\t\t}\r\n\r\n\t\t\t\/\/ Redirigez apr\u00e8s un d\u00e9lai (en millisecondes)\r\n\t\t\tsetTimeout(loginAndRedirect, 0);\r\n\t\t<\/script><form method=\"post\" class=\"youform_front\"><h3>Material definition<\/h3><div class=''><select name='263' id='263'><option value='' selected disabled hidden>Choisissez une Option<\/option><option value='Granules'>Granules<\/option><option value='Regrind'>Regrind<\/option><option value='Powder'>Powder<\/option><\/select><label for='263'>Type<\/label><\/div><div class=''><input type='text' name='264' id='264' placeholder='Densit\u00e9'><label for='264'>Bulk density of material<\/label><\/div><div class=''><select name='265' id='265'><option value='' selected disabled hidden>Choisissez une Option<\/option><option value='Good'>Good<\/option><option value='Bad'>Bad<\/option><\/select><label for='265'>Flow ability<\/label><\/div><div class=''><div><div><input name='266' type='radio' id='266' value='Yes'\/><label for='266'>Yes<\/label><\/div><div><input name='266' type='radio' id='266' value='No'\/><label for='266'>No<\/label><\/div><\/div><label for='266'>Bridging effect<\/label><\/div><div class=''><div><div><input name='267' type='radio' id='267' value='Yes'\/><label for='267'>Yes<\/label><\/div><div><input name='267' type='radio' id='267' value='No'\/><label for='267'>No<\/label><\/div><\/div><label for='267'>Binding effect<\/label><\/div><div class=''><select name='389' id='389'><option value='' selected disabled hidden>Choisissez une Option<\/option><option value='Ambiant'>Ambiant<\/option><option value='Other'>Other<\/option><\/select><label for='389'>Material temperature<\/label><\/div><div class=''><input type='text' name='390' id='390' placeholder=''><label for='390'>Temperature<\/label><\/div><h3>Technical specifications<\/h3><div class=''><select name='270' id='270'><option value='' selected disabled hidden>Choisissez une Option<\/option><option value='400V Three Phase'>400V Three Phase<\/option><option value='230V'>230V<\/option><\/select><label for='270'>Power<\/label><\/div><div class=''><input type='text' name='271' id='271' placeholder='kg\/h'><label for='271'>Throughput<\/label><\/div><div class=''><input type='text' name='272' id='272' placeholder='in meters'><label for='272'>Horizontal length of transfer<\/label><\/div><div class=''><input type='text' name='273' id='273' placeholder='in meters'><label for='273'>Vertical length of transfer<\/label><\/div><div class=''><select name='274' id='274'><option value='' selected disabled hidden>Choisissez une Option<\/option><option value='Bag'>Bag<\/option><option value='Hopper'>Hopper<\/option><option value='Octabin'>Octabin<\/option><option value='Big Bag'>Big Bag<\/option><option value='Dosing unit'>Dosing unit<\/option><option value='Dryer'>Dryer<\/option><option value='Grinder'>Grinder<\/option><\/select><label for='274'>Container of departure<\/label><\/div><div class=''><select name='275' id='275'><option value='' selected disabled hidden>Choisissez une Option<\/option><option value='Machine hopper'>Machine hopper<\/option><option value='Octabin'>Octabin<\/option><option value='Big Bag'>Big Bag<\/option><option value='Dosing unit'>Dosing unit<\/option><option value='Dryer'>Dryer<\/option><\/select><label for='275'>Container of receipt<\/label><\/div><div class=''><div><div><input name='505' type='radio' id='505' value='Yes'\/><label for='505'>Yes<\/label><\/div><div><input name='505' type='radio' id='505' value='No'\/><label for='505'>No<\/label><\/div><\/div><label for='505'>SV mechanical feeder<\/label><\/div><div class=''><div><div><input name='277' type='radio' id='277' value='Yes'\/><label for='277'>Yes<\/label><\/div><div><input name='277' type='radio' id='277' value='No'\/><label for='277'>No<\/label><\/div><\/div><label for='277'>SR mechanical feeder<\/label><\/div><div class=''><select name='278' id='278'><option value='' selected disabled hidden>Choisissez une Option<\/option><option value='V0'>V0<\/option><option value='V1'>V1<\/option><option value='V2'>V2<\/option><option value='V3'>V3<\/option><option value='V4'>V4<\/option><\/select><label for='278'>Wanted version<\/label><\/div><div class=''><div><div><input name='280' type='radio' id='280' value='Yes'\/><label for='280'>Yes<\/label><\/div><div><input name='280' type='radio' id='280' value='No'\/><label for='280'>No<\/label><\/div><\/div><label for='280'>Low level sensor (on container of departure)<\/label><\/div><div class=''><div><div><input name='281' type='radio' id='281' value='Yes'\/><label for='281'>Yes<\/label><\/div><div><input name='281' type='radio' id='281' value='No'\/><label for='281'>No<\/label><\/div><\/div><label for='281'>If sensor, with visual alarm<\/label><\/div><div class=''><div><div><input name='282' type='radio' id='282' value='Yes'\/><label for='282'>Yes<\/label><\/div><div><input name='282' type='radio' id='282' value='No'\/><label for='282'>No<\/label><\/div><\/div><label for='282'>If sensor, with sound alarm<\/label><\/div><div class=''><input type='text' name='283' id='283' placeholder=''><label for='283'>Function of the sensor: To be specified.<\/label><\/div><div class=''><div><div><input name='284' type='radio' id='284' value='Yes'\/><label for='284'>Yes<\/label><\/div><div><input name='284' type='radio' id='284' value='No'\/><label for='284'>No<\/label><\/div><\/div><label for='284'>Parts in contact with material in stainless steel<\/label><\/div><div class=''><textarea type='textarea' name='285' id='285' placeholder='Comment'><\/textarea><label for='285'>Additional comments<\/label><\/div><div class=''><input type='text' name='286' id='286' placeholder=''><label for='286'>Quantity of equipments to be provided<\/label><\/div><input type='hidden' id='form_id' name='form_id' value=''><input type='submit' id='submit_form' name='submit_form' value='Envoyer' class='w-25 p-2 mx-auto btn-submit'><\/form><\/div>\n\t\t\t\t<\/div>\n\t\t\t\t<\/div>\n\t\t\t\t\t<\/div>\n\t\t<\/div>\n\t\t\t\t\t\t\t<\/div>\n\t\t<\/section>\n\t\t\t\t\t\t\t<\/div>\n\t\t","protected":false},"excerpt":{"rendered":"","protected":false},"author":1,"featured_media":0,"parent":0,"menu_order":0,"comment_status":"closed","ping_status":"closed","template":"","meta":{"footnotes":""},"class_list":["post-8588","page","type-page","status-publish","hentry"],"yoast_head":"<!-- This site is optimized with the Yoast SEO plugin v22.3 - https:\/\/yoast.com\/wordpress\/plugins\/seo\/ -->\n<title>VFS Demande - FKW Spiroflux<\/title>\n<meta name=\"robots\" content=\"index, follow, max-snippet:-1, max-image-preview:large, max-video-preview:-1\" \/>\n<link rel=\"canonical\" href=\"https:\/\/fkw-spiroflux.com\/vfs-demande\/\" \/>\n<meta property=\"og:locale\" content=\"en_US\" \/>\n<meta property=\"og:type\" content=\"article\" \/>\n<meta property=\"og:title\" content=\"VFS Demande - FKW Spiroflux\" \/>\n<meta property=\"og:url\" content=\"https:\/\/fkw-spiroflux.com\/vfs-demande\/\" \/>\n<meta property=\"og:site_name\" content=\"FKW Spiroflux\" \/>\n<meta property=\"article:modified_time\" content=\"2023-05-04T15:21:44+00:00\" \/>\n<script type=\"application\/ld+json\" class=\"yoast-schema-graph\">{\"@context\":\"https:\/\/schema.org\",\"@graph\":[{\"@type\":\"WebPage\",\"@id\":\"https:\/\/fkw-spiroflux.com\/vfs-demande\/\",\"url\":\"https:\/\/fkw-spiroflux.com\/vfs-demande\/\",\"name\":\"VFS Demande - FKW Spiroflux\",\"isPartOf\":{\"@id\":\"https:\/\/fkw-spiroflux.com\/#website\"},\"datePublished\":\"2023-04-05T13:49:25+00:00\",\"dateModified\":\"2023-05-04T15:21:44+00:00\",\"breadcrumb\":{\"@id\":\"https:\/\/fkw-spiroflux.com\/vfs-demande\/#breadcrumb\"},\"inLanguage\":\"en-US\",\"potentialAction\":[{\"@type\":\"ReadAction\",\"target\":[\"https:\/\/fkw-spiroflux.com\/vfs-demande\/\"]}]},{\"@type\":\"BreadcrumbList\",\"@id\":\"https:\/\/fkw-spiroflux.com\/vfs-demande\/#breadcrumb\",\"itemListElement\":[{\"@type\":\"ListItem\",\"position\":1,\"name\":\"Home\",\"item\":\"https:\/\/fkw-spiroflux.com\/en\/\"},{\"@type\":\"ListItem\",\"position\":2,\"name\":\"VFS Demande\"}]},{\"@type\":\"WebSite\",\"@id\":\"https:\/\/fkw-spiroflux.com\/#website\",\"url\":\"https:\/\/fkw-spiroflux.com\/\",\"name\":\"FKW Spiroflux\",\"description\":\"Gestion et ma\u00eetrise du flux mati\u00e8re\",\"publisher\":{\"@id\":\"https:\/\/fkw-spiroflux.com\/#organization\"},\"potentialAction\":[{\"@type\":\"SearchAction\",\"target\":{\"@type\":\"EntryPoint\",\"urlTemplate\":\"https:\/\/fkw-spiroflux.com\/?s={search_term_string}\"},\"query-input\":\"required name=search_term_string\"}],\"inLanguage\":\"en-US\"},{\"@type\":\"Organization\",\"@id\":\"https:\/\/fkw-spiroflux.com\/#organization\",\"name\":\"FKW Spiroflux\",\"url\":\"https:\/\/fkw-spiroflux.com\/\",\"logo\":{\"@type\":\"ImageObject\",\"inLanguage\":\"en-US\",\"@id\":\"https:\/\/fkw-spiroflux.com\/#\/schema\/logo\/image\/\",\"url\":\"https:\/\/fkw-spiroflux.com\/wp-content\/uploads\/2023\/01\/logo-fkw-spiroflux-site-mini.png\",\"contentUrl\":\"https:\/\/fkw-spiroflux.com\/wp-content\/uploads\/2023\/01\/logo-fkw-spiroflux-site-mini.png\",\"width\":300,\"height\":76,\"caption\":\"FKW Spiroflux\"},\"image\":{\"@id\":\"https:\/\/fkw-spiroflux.com\/#\/schema\/logo\/image\/\"},\"sameAs\":[\"https:\/\/www.linkedin.com\"]}]}<\/script>\n<!-- \/ Yoast SEO plugin. -->","yoast_head_json":{"title":"VFS Demande - FKW Spiroflux","robots":{"index":"index","follow":"follow","max-snippet":"max-snippet:-1","max-image-preview":"max-image-preview:large","max-video-preview":"max-video-preview:-1"},"canonical":"https:\/\/fkw-spiroflux.com\/vfs-demande\/","og_locale":"en_US","og_type":"article","og_title":"VFS Demande - FKW Spiroflux","og_url":"https:\/\/fkw-spiroflux.com\/vfs-demande\/","og_site_name":"FKW Spiroflux","article_modified_time":"2023-05-04T15:21:44+00:00","schema":{"@context":"https:\/\/schema.org","@graph":[{"@type":"WebPage","@id":"https:\/\/fkw-spiroflux.com\/vfs-demande\/","url":"https:\/\/fkw-spiroflux.com\/vfs-demande\/","name":"VFS Demande - FKW Spiroflux","isPartOf":{"@id":"https:\/\/fkw-spiroflux.com\/#website"},"datePublished":"2023-04-05T13:49:25+00:00","dateModified":"2023-05-04T15:21:44+00:00","breadcrumb":{"@id":"https:\/\/fkw-spiroflux.com\/vfs-demande\/#breadcrumb"},"inLanguage":"en-US","potentialAction":[{"@type":"ReadAction","target":["https:\/\/fkw-spiroflux.com\/vfs-demande\/"]}]},{"@type":"BreadcrumbList","@id":"https:\/\/fkw-spiroflux.com\/vfs-demande\/#breadcrumb","itemListElement":[{"@type":"ListItem","position":1,"name":"Home","item":"https:\/\/fkw-spiroflux.com\/en\/"},{"@type":"ListItem","position":2,"name":"VFS Demande"}]},{"@type":"WebSite","@id":"https:\/\/fkw-spiroflux.com\/#website","url":"https:\/\/fkw-spiroflux.com\/","name":"FKW Spiroflux","description":"Gestion et ma\u00eetrise du flux mati\u00e8re","publisher":{"@id":"https:\/\/fkw-spiroflux.com\/#organization"},"potentialAction":[{"@type":"SearchAction","target":{"@type":"EntryPoint","urlTemplate":"https:\/\/fkw-spiroflux.com\/?s={search_term_string}"},"query-input":"required name=search_term_string"}],"inLanguage":"en-US"},{"@type":"Organization","@id":"https:\/\/fkw-spiroflux.com\/#organization","name":"FKW Spiroflux","url":"https:\/\/fkw-spiroflux.com\/","logo":{"@type":"ImageObject","inLanguage":"en-US","@id":"https:\/\/fkw-spiroflux.com\/#\/schema\/logo\/image\/","url":"https:\/\/fkw-spiroflux.com\/wp-content\/uploads\/2023\/01\/logo-fkw-spiroflux-site-mini.png","contentUrl":"https:\/\/fkw-spiroflux.com\/wp-content\/uploads\/2023\/01\/logo-fkw-spiroflux-site-mini.png","width":300,"height":76,"caption":"FKW Spiroflux"},"image":{"@id":"https:\/\/fkw-spiroflux.com\/#\/schema\/logo\/image\/"},"sameAs":["https:\/\/www.linkedin.com"]}]}},"_links":{"self":[{"href":"https:\/\/fkw-spiroflux.com\/en\/wp-json\/wp\/v2\/pages\/8588","targetHints":{"allow":["GET"]}}],"collection":[{"href":"https:\/\/fkw-spiroflux.com\/en\/wp-json\/wp\/v2\/pages"}],"about":[{"href":"https:\/\/fkw-spiroflux.com\/en\/wp-json\/wp\/v2\/types\/page"}],"author":[{"embeddable":true,"href":"https:\/\/fkw-spiroflux.com\/en\/wp-json\/wp\/v2\/users\/1"}],"replies":[{"embeddable":true,"href":"https:\/\/fkw-spiroflux.com\/en\/wp-json\/wp\/v2\/comments?post=8588"}],"version-history":[{"count":3,"href":"https:\/\/fkw-spiroflux.com\/en\/wp-json\/wp\/v2\/pages\/8588\/revisions"}],"predecessor-version":[{"id":8847,"href":"https:\/\/fkw-spiroflux.com\/en\/wp-json\/wp\/v2\/pages\/8588\/revisions\/8847"}],"wp:attachment":[{"href":"https:\/\/fkw-spiroflux.com\/en\/wp-json\/wp\/v2\/media?parent=8588"}],"curies":[{"name":"wp","href":"https:\/\/api.w.org\/{rel}","templated":true}]}}