{"id":7441,"date":"2016-03-04T10:21:11","date_gmt":"2016-03-04T10:21:11","guid":{"rendered":"https:\/\/fkw-spiroflux.com\/nos-distributeurs\/"},"modified":"2023-01-05T14:13:21","modified_gmt":"2023-01-05T14:13:21","slug":"retailers","status":"publish","type":"page","link":"https:\/\/fkw-spiroflux.com\/en\/retailers\/","title":{"rendered":"Retailers"},"content":{"rendered":"\t\t<div data-elementor-type=\"wp-page\" data-elementor-id=\"7441\" class=\"elementor elementor-7441 elementor-616\">\n\t\t\t\t\t\t\t\t\t<section class=\"elementor-section elementor-top-section elementor-element elementor-element-b5fcd49 elementor-section-boxed elementor-section-height-default elementor-section-height-default\" data-id=\"b5fcd49\" data-element_type=\"section\">\n\t\t\t\t\t\t<div class=\"elementor-container elementor-column-gap-default\">\n\t\t\t\t\t<div class=\"elementor-column elementor-col-50 elementor-top-column elementor-element elementor-element-37218ea\" data-id=\"37218ea\" data-element_type=\"column\">\n\t\t\t<div class=\"elementor-widget-wrap elementor-element-populated\">\n\t\t\t\t\t\t\t\t<div class=\"elementor-element elementor-element-2ac0059 elementor-widget elementor-widget-heading\" data-id=\"2ac0059\" data-element_type=\"widget\" data-widget_type=\"heading.default\">\n\t\t\t\t<div class=\"elementor-widget-container\">\n\t\t\t<style>\/*! elementor - v3.9.2 - 21-12-2022 *\/\n.elementor-heading-title{padding:0;margin:0;line-height:1}.elementor-widget-heading .elementor-heading-title[class*=elementor-size-]>a{color:inherit;font-size:inherit;line-height:inherit}.elementor-widget-heading .elementor-heading-title.elementor-size-small{font-size:15px}.elementor-widget-heading .elementor-heading-title.elementor-size-medium{font-size:19px}.elementor-widget-heading .elementor-heading-title.elementor-size-large{font-size:29px}.elementor-widget-heading .elementor-heading-title.elementor-size-xl{font-size:39px}.elementor-widget-heading .elementor-heading-title.elementor-size-xxl{font-size:59px}<\/style><h2 class=\"elementor-heading-title elementor-size-default\">R\u00e9publique Tch\u00e8que<\/h2>\t\t<\/div>\n\t\t\t\t<\/div>\n\t\t\t\t<div class=\"elementor-element elementor-element-2fff1fd elementor-widget elementor-widget-image\" data-id=\"2fff1fd\" data-element_type=\"widget\" data-widget_type=\"image.default\">\n\t\t\t\t<div class=\"elementor-widget-container\">\n\t\t\t<style>\/*! elementor - v3.9.2 - 21-12-2022 *\/\n.elementor-widget-image{text-align:center}.elementor-widget-image a{display:inline-block}.elementor-widget-image a img[src$=\".svg\"]{width:48px}.elementor-widget-image img{vertical-align:middle;display:inline-block}<\/style>\t\t\t\t\t\t\t\t\t\t\t\t<img loading=\"lazy\" decoding=\"async\" width=\"300\" height=\"91\" src=\"https:\/\/fkw-spiroflux.com\/wp-content\/uploads\/2016\/03\/logo-mapro.jpg\" class=\"attachment-medium_large size-medium_large wp-image-6998\" alt=\"\" \/>\t\t\t\t\t\t\t\t\t\t\t\t\t\t\t<\/div>\n\t\t\t\t<\/div>\n\t\t\t\t<div class=\"elementor-element elementor-element-79c6e59 elementor-widget elementor-widget-text-editor\" data-id=\"79c6e59\" data-element_type=\"widget\" data-widget_type=\"text-editor.default\">\n\t\t\t\t<div class=\"elementor-widget-container\">\n\t\t\t<style>\/*! elementor - v3.9.2 - 21-12-2022 *\/\n.elementor-widget-text-editor.elementor-drop-cap-view-stacked .elementor-drop-cap{background-color:#818a91;color:#fff}.elementor-widget-text-editor.elementor-drop-cap-view-framed .elementor-drop-cap{color:#818a91;border:3px solid;background-color:transparent}.elementor-widget-text-editor:not(.elementor-drop-cap-view-default) .elementor-drop-cap{margin-top:8px}.elementor-widget-text-editor:not(.elementor-drop-cap-view-default) .elementor-drop-cap-letter{width:1em;height:1em}.elementor-widget-text-editor .elementor-drop-cap{float:left;text-align:center;line-height:1;font-size:50px}.elementor-widget-text-editor .elementor-drop-cap-letter{display:inline-block}<\/style>\t\t\t\t<div class=\"mod\" data-md=\"1002\" data-ved=\"0ahUKEwj6pP_d6abLAhXEPxoKHWACBr4QkCkIeygEMA4\"><div class=\"_eFb\"><div class=\"_mr kno-fb-ctx\" style=\"text-align: center;\" data-ved=\"0ahUKEwj6pP_d6abLAhXEPxoKHWACBr4QghwIfCgAMA4\"><span class=\"_xdb\">Adresse\u00a0:\u00a0<\/span><span class=\"_Xbe\">Bystrovany 211,<\/span><\/div><div class=\"_mr kno-fb-ctx\" style=\"text-align: center;\" data-ved=\"0ahUKEwj6pP_d6abLAhXEPxoKHWACBr4QghwIfCgAMA4\"><span class=\"_Xbe\">779 00 Bystrovany,<\/span><\/div><div class=\"_mr kno-fb-ctx\" style=\"text-align: center;\" data-ved=\"0ahUKEwj6pP_d6abLAhXEPxoKHWACBr4QghwIfCgAMA4\"><span class=\"_Xbe\">R\u00e9publique tch\u00e8que<\/span><\/div><div class=\"_mr kno-fb-ctx\" style=\"text-align: center;\" data-ved=\"0ahUKEwj6pP_d6abLAhXEPxoKHWACBr4QghwIfCgAMA4\">email :\u00a0<a href=\"mailto:mapro@mapro.cz\">mapro@mapro.cz<\/a><\/div><\/div><\/div><div class=\"mod\" data-md=\"1006\" data-ved=\"0ahUKEwj6pP_d6abLAhXEPxoKHWACBr4QkCkIfSgFMA8\"><div class=\"_eFb\"><div class=\"_mr kno-fb-ctx\" style=\"text-align: center;\" data-ved=\"0ahUKEwj6pP_d6abLAhXEPxoKHWACBr4Q8I0BCH4oADAP\"><span class=\"_Xbe kno-fv\"><span class=\"_QUg\">T\u00e9l\u00e9phone\u00a0:<\/span>+420 585 157 810<\/span><\/div><div class=\"_mr kno-fb-ctx\" style=\"text-align: center;\" data-ved=\"0ahUKEwj6pP_d6abLAhXEPxoKHWACBr4Q8I0BCH4oADAP\">Site web :\u00a0<a href=\"http:\/\/www.mapro.cz\/en\/\" target=\"_blank\" rel=\"noopener\">http:\/\/www.mapro.cz\/en\/<\/a><\/div><\/div><\/div>\t\t\t\t\t\t<\/div>\n\t\t\t\t<\/div>\n\t\t\t\t\t<\/div>\n\t\t<\/div>\n\t\t\t\t<div class=\"elementor-column elementor-col-50 elementor-top-column elementor-element elementor-element-13e056a\" data-id=\"13e056a\" data-element_type=\"column\">\n\t\t\t<div class=\"elementor-widget-wrap elementor-element-populated\">\n\t\t\t\t\t\t\t\t<div class=\"elementor-element elementor-element-bd92456 elementor-widget elementor-widget-heading\" data-id=\"bd92456\" data-element_type=\"widget\" data-widget_type=\"heading.default\">\n\t\t\t\t<div class=\"elementor-widget-container\">\n\t\t\t<h2 class=\"elementor-heading-title elementor-size-default\">Slovaquie<\/h2>\t\t<\/div>\n\t\t\t\t<\/div>\n\t\t\t\t<div class=\"elementor-element elementor-element-5f0cb5e elementor-widget elementor-widget-image\" data-id=\"5f0cb5e\" data-element_type=\"widget\" data-widget_type=\"image.default\">\n\t\t\t\t<div class=\"elementor-widget-container\">\n\t\t\t\t\t\t\t\t\t\t\t\t\t\t\t<img loading=\"lazy\" decoding=\"async\" width=\"300\" height=\"91\" src=\"https:\/\/fkw-spiroflux.com\/wp-content\/uploads\/2016\/03\/logo-mapro.jpg\" class=\"attachment-medium_large size-medium_large wp-image-6998\" alt=\"\" \/>\t\t\t\t\t\t\t\t\t\t\t\t\t\t\t<\/div>\n\t\t\t\t<\/div>\n\t\t\t\t<div class=\"elementor-element elementor-element-a20e328 elementor-widget elementor-widget-text-editor\" data-id=\"a20e328\" data-element_type=\"widget\" data-widget_type=\"text-editor.default\">\n\t\t\t\t<div class=\"elementor-widget-container\">\n\t\t\t\t\t\t\t<div class=\"mod\" data-md=\"1002\" data-ved=\"0ahUKEwj6pP_d6abLAhXEPxoKHWACBr4QkCkIeygEMA4\"><div class=\"_eFb\"><div class=\"_mr kno-fb-ctx\" style=\"text-align: center;\" data-ved=\"0ahUKEwj6pP_d6abLAhXEPxoKHWACBr4QghwIfCgAMA4\">MAPRO SLOVAKIA SPOL S.R.O<br \/>OROVNICA 230<br \/>96652 OROVNICA<br \/>Slovaquie<br \/><strong>Contact\u00a0: M. Filip MIZIA<\/strong>:<br \/>Tel. +421 45 6780 914<br \/>Fax.: +421 45 6780 929<br \/>Portable: +421 902 904 043<br \/>email:\u00a0<a href=\"mailto:mizia@mapro.sk\">mizia@mapro.sk<\/a><br \/><a href=\"http:\/\/www.mapro.cz\/\">www.mapro.cz<\/a><\/div><\/div><\/div><div class=\"mod\" data-md=\"1006\" data-ved=\"0ahUKEwj6pP_d6abLAhXEPxoKHWACBr4QkCkIfSgFMA8\"><div class=\"_eFb\">\u00a0<\/div><\/div>\t\t\t\t\t\t<\/div>\n\t\t\t\t<\/div>\n\t\t\t\t\t<\/div>\n\t\t<\/div>\n\t\t\t\t\t\t\t<\/div>\n\t\t<\/section>\n\t\t\t\t<section class=\"elementor-section elementor-top-section elementor-element elementor-element-41ebfec elementor-section-boxed elementor-section-height-default elementor-section-height-default\" data-id=\"41ebfec\" data-element_type=\"section\">\n\t\t\t\t\t\t<div class=\"elementor-container elementor-column-gap-default\">\n\t\t\t\t\t<div class=\"elementor-column elementor-col-50 elementor-top-column elementor-element elementor-element-3868944\" data-id=\"3868944\" data-element_type=\"column\">\n\t\t\t<div class=\"elementor-widget-wrap elementor-element-populated\">\n\t\t\t\t\t\t\t\t<div class=\"elementor-element elementor-element-6332a63 elementor-widget elementor-widget-heading\" data-id=\"6332a63\" data-element_type=\"widget\" data-widget_type=\"heading.default\">\n\t\t\t\t<div class=\"elementor-widget-container\">\n\t\t\t<h2 class=\"elementor-heading-title elementor-size-default\">Gr\u00e8ce<\/h2>\t\t<\/div>\n\t\t\t\t<\/div>\n\t\t\t\t<div class=\"elementor-element elementor-element-2a5b04e elementor-widget elementor-widget-image\" data-id=\"2a5b04e\" data-element_type=\"widget\" data-widget_type=\"image.default\">\n\t\t\t\t<div class=\"elementor-widget-container\">\n\t\t\t\t\t\t\t\t\t\t\t\t\t\t\t<img loading=\"lazy\" decoding=\"async\" width=\"200\" height=\"120\" src=\"https:\/\/fkw-spiroflux.com\/wp-content\/uploads\/2016\/03\/bitsakis.jpg\" class=\"attachment-medium_large size-medium_large wp-image-7000\" alt=\"\" \/>\t\t\t\t\t\t\t\t\t\t\t\t\t\t\t<\/div>\n\t\t\t\t<\/div>\n\t\t\t\t<div class=\"elementor-element elementor-element-b84397e elementor-widget elementor-widget-text-editor\" data-id=\"b84397e\" data-element_type=\"widget\" data-widget_type=\"text-editor.default\">\n\t\t\t\t<div class=\"elementor-widget-container\">\n\t\t\t\t\t\t\t<div class=\"mod\" data-md=\"1002\" data-ved=\"0ahUKEwj6pP_d6abLAhXEPxoKHWACBr4QkCkIeygEMA4\"><div class=\"_eFb\"><div class=\"_mr kno-fb-ctx\" style=\"text-align: center;\" data-ved=\"0ahUKEwj6pP_d6abLAhXEPxoKHWACBr4QghwIfCgAMA4\">ARIS BITSAKIS\u201d C &amp; S BITSAKI OE<br \/>229-231 KREMOU STR 176 75<br \/>KALLITHEA ATHENS \u2013 GREECE<br \/>CONTACT PERSONS: MRS CRISTINA &amp; MRS STELLA BITSAKI<br \/>tel. (+30) 210 9412380 \u2013 210 9424901<br \/>fax. (+30) 210 9431706<br \/>e-mail :\u00a0<a href=\"mailto:bitsaki1@otenet.gr\">bitsaki1@otenet.gr<\/a>\u00a0<a href=\"mailto:info@bitsakis.com\">info@bitsakis.com<\/a><br \/>www.bitsakis.com<\/div><\/div><\/div><div class=\"mod\" data-md=\"1006\" data-ved=\"0ahUKEwj6pP_d6abLAhXEPxoKHWACBr4QkCkIfSgFMA8\"><div class=\"_eFb\">\u00a0<\/div><\/div>\t\t\t\t\t\t<\/div>\n\t\t\t\t<\/div>\n\t\t\t\t\t<\/div>\n\t\t<\/div>\n\t\t\t\t<div class=\"elementor-column elementor-col-50 elementor-top-column elementor-element elementor-element-ebbfeaf\" data-id=\"ebbfeaf\" data-element_type=\"column\">\n\t\t\t<div class=\"elementor-widget-wrap elementor-element-populated\">\n\t\t\t\t\t\t\t\t<div class=\"elementor-element elementor-element-80dffda elementor-widget elementor-widget-heading\" data-id=\"80dffda\" data-element_type=\"widget\" data-widget_type=\"heading.default\">\n\t\t\t\t<div class=\"elementor-widget-container\">\n\t\t\t<h2 class=\"elementor-heading-title elementor-size-default\">Slov\u00e9nie<\/h2>\t\t<\/div>\n\t\t\t\t<\/div>\n\t\t\t\t<div class=\"elementor-element elementor-element-a718f59 elementor-widget elementor-widget-image\" data-id=\"a718f59\" data-element_type=\"widget\" data-widget_type=\"image.default\">\n\t\t\t\t<div class=\"elementor-widget-container\">\n\t\t\t\t\t\t\t\t\t\t\t\t\t\t\t<img loading=\"lazy\" decoding=\"async\" width=\"300\" height=\"80\" src=\"https:\/\/fkw-spiroflux.com\/wp-content\/uploads\/2016\/03\/companyname.jpg\" class=\"attachment-medium_large size-medium_large wp-image-7008\" alt=\"\" \/>\t\t\t\t\t\t\t\t\t\t\t\t\t\t\t<\/div>\n\t\t\t\t<\/div>\n\t\t\t\t<div class=\"elementor-element elementor-element-0cb2865 elementor-widget elementor-widget-text-editor\" data-id=\"0cb2865\" data-element_type=\"widget\" data-widget_type=\"text-editor.default\">\n\t\t\t\t<div class=\"elementor-widget-container\">\n\t\t\t\t\t\t\t<div class=\"mod\" data-md=\"1002\" data-ved=\"0ahUKEwj6pP_d6abLAhXEPxoKHWACBr4QkCkIeygEMA4\"><div class=\"_eFb\"><div class=\"_mr kno-fb-ctx\" style=\"text-align: center;\" data-ved=\"0ahUKEwj6pP_d6abLAhXEPxoKHWACBr4QghwIfCgAMA4\">PROPLAST D.O.O.<br \/>STEGNE 21<br \/>C1000 LJUBLJANA<br \/>Slov\u00e9nie<br \/><strong>\u00a0<\/strong><strong>Contact\u00a0: Mme. Ana Ga\u010dnik<\/strong><br \/>Tel: 01\/50 00 077<br \/>Fax: 01\/50 00 080<br \/>Mobile: +386\/(0)40-491-696<br \/>E-mail:\u00a0<a href=\"mailto:info@proplast.si\">info@proplast.si<\/a><br \/><a href=\"http:\/\/www.proplast.si\/\">www.proplast.si<\/a><\/div><\/div><\/div>\t\t\t\t\t\t<\/div>\n\t\t\t\t<\/div>\n\t\t\t\t\t<\/div>\n\t\t<\/div>\n\t\t\t\t\t\t\t<\/div>\n\t\t<\/section>\n\t\t\t\t<section class=\"elementor-section elementor-top-section elementor-element elementor-element-5fa273d elementor-section-boxed elementor-section-height-default elementor-section-height-default\" data-id=\"5fa273d\" data-element_type=\"section\">\n\t\t\t\t\t\t<div class=\"elementor-container elementor-column-gap-default\">\n\t\t\t\t\t<div class=\"elementor-column elementor-col-50 elementor-top-column elementor-element elementor-element-96d042e\" data-id=\"96d042e\" data-element_type=\"column\">\n\t\t\t<div class=\"elementor-widget-wrap elementor-element-populated\">\n\t\t\t\t\t\t\t\t<div class=\"elementor-element elementor-element-bb43dae elementor-widget elementor-widget-heading\" data-id=\"bb43dae\" data-element_type=\"widget\" data-widget_type=\"heading.default\">\n\t\t\t\t<div class=\"elementor-widget-container\">\n\t\t\t<h2 class=\"elementor-heading-title elementor-size-default\">Espagne<\/h2>\t\t<\/div>\n\t\t\t\t<\/div>\n\t\t\t\t<div class=\"elementor-element elementor-element-0dbeba4 elementor-widget elementor-widget-image\" data-id=\"0dbeba4\" data-element_type=\"widget\" data-widget_type=\"image.default\">\n\t\t\t\t<div class=\"elementor-widget-container\">\n\t\t\t\t\t\t\t\t\t\t\t\t\t\t\t<img loading=\"lazy\" decoding=\"async\" width=\"300\" height=\"69\" src=\"https:\/\/fkw-spiroflux.com\/wp-content\/uploads\/2016\/03\/imvolca.jpg\" class=\"attachment-medium_large size-medium_large wp-image-7007\" alt=\"\" \/>\t\t\t\t\t\t\t\t\t\t\t\t\t\t\t<\/div>\n\t\t\t\t<\/div>\n\t\t\t\t<div class=\"elementor-element elementor-element-3017a10 elementor-widget elementor-widget-text-editor\" data-id=\"3017a10\" data-element_type=\"widget\" data-widget_type=\"text-editor.default\">\n\t\t\t\t<div class=\"elementor-widget-container\">\n\t\t\t\t\t\t\t<div class=\"mod\" data-md=\"1002\" data-ved=\"0ahUKEwj6pP_d6abLAhXEPxoKHWACBr4QkCkIeygEMA4\"><div class=\"_eFb\"><div class=\"_mr kno-fb-ctx\" style=\"text-align: center;\" data-ved=\"0ahUKEwj6pP_d6abLAhXEPxoKHWACBr4QghwIfCgAMA4\">IMVOLCA, S.L.<br \/>C\/ Vilamari 90<br \/>08015 BARCELONA<br \/>Espagne\u00a0<\/div><div class=\"_mr kno-fb-ctx\" style=\"text-align: center;\" data-ved=\"0ahUKEwj6pP_d6abLAhXEPxoKHWACBr4QghwIfCgAMA4\"><strong>Contact\u00a0: M. Pascal ANTOINE<\/strong>\u00a0\u00a0\u00a0<\/div><div class=\"_mr kno-fb-ctx\" style=\"text-align: center;\" data-ved=\"0ahUKEwj6pP_d6abLAhXEPxoKHWACBr4QghwIfCgAMA4\"><a href=\"mailto:pascal@imvolca.com\">pascal@imvolca.com<\/a><br \/>Portable: (+34) 610 473 001<br \/>Tel:(+ 34) 93 662 65 33<br \/><a href=\"http:\/\/www.imvolca.com\/\">www.imvolca.com<\/a><\/div><\/div><\/div><div class=\"mod\" data-md=\"1006\" data-ved=\"0ahUKEwj6pP_d6abLAhXEPxoKHWACBr4QkCkIfSgFMA8\"><div class=\"_eFb\">\u00a0<\/div><\/div>\t\t\t\t\t\t<\/div>\n\t\t\t\t<\/div>\n\t\t\t\t\t<\/div>\n\t\t<\/div>\n\t\t\t\t<div class=\"elementor-column elementor-col-50 elementor-top-column elementor-element elementor-element-7d80ba8\" data-id=\"7d80ba8\" data-element_type=\"column\">\n\t\t\t<div class=\"elementor-widget-wrap\">\n\t\t\t\t\t\t\t\t\t<\/div>\n\t\t<\/div>\n\t\t\t\t\t\t\t<\/div>\n\t\t<\/section>\n\t\t\t\t<section class=\"elementor-section elementor-top-section elementor-element elementor-element-15a29db elementor-section-boxed elementor-section-height-default elementor-section-height-default\" data-id=\"15a29db\" data-element_type=\"section\" data-settings=\"{&quot;background_background&quot;:&quot;classic&quot;}\">\n\t\t\t\t\t\t<div class=\"elementor-container elementor-column-gap-default\">\n\t\t\t\t\t<div class=\"elementor-column elementor-col-100 elementor-top-column elementor-element elementor-element-3eb96e4\" data-id=\"3eb96e4\" data-element_type=\"column\">\n\t\t\t<div class=\"elementor-widget-wrap elementor-element-populated\">\n\t\t\t\t\t\t\t\t<div class=\"elementor-element elementor-element-7e1b48a elementor-widget elementor-widget-heading\" data-id=\"7e1b48a\" data-element_type=\"widget\" data-widget_type=\"heading.default\">\n\t\t\t\t<div class=\"elementor-widget-container\">\n\t\t\t<h2 class=\"elementor-heading-title elementor-size-default\">Vous souhaitez distribuer nos produits ?<\/h2>\t\t<\/div>\n\t\t\t\t<\/div>\n\t\t\t\t<div class=\"elementor-element elementor-element-46e9a40 elementor-align-center elementor-widget elementor-widget-button\" data-id=\"46e9a40\" data-element_type=\"widget\" data-widget_type=\"button.default\">\n\t\t\t\t<div class=\"elementor-widget-container\">\n\t\t\t\t\t<div class=\"elementor-button-wrapper\">\n\t\t\t<a href=\"https:\/\/fkw-spiroflux.com\/contact-us\/\" class=\"elementor-button-link elementor-button elementor-size-sm elementor-animation-pulse\" role=\"button\">\n\t\t\t\t\t\t<span class=\"elementor-button-content-wrapper\">\n\t\t\t\t\t\t\t<span class=\"elementor-button-icon elementor-align-icon-right\">\n\t\t\t\t<i aria-hidden=\"true\" class=\"fas fa-long-arrow-alt-right\"><\/i>\t\t\t<\/span>\n\t\t\t\t\t\t<span class=\"elementor-button-text\">Contactez-nous<\/span>\n\t\t<\/span>\n\t\t\t\t\t<\/a>\n\t\t<\/div>\n\t\t\t\t<\/div>\n\t\t\t\t<\/div>\n\t\t\t\t\t<\/div>\n\t\t<\/div>\n\t\t\t\t\t\t\t<\/div>\n\t\t<\/section>\n\t\t\t\t\t\t\t<\/div>\n\t\t","protected":false},"excerpt":{"rendered":"<p>R\u00e9publique Tch\u00e8que Adresse&nbsp;:&nbsp;Bystrovany 211,779 00 Bystrovany,R\u00e9publique tch\u00e8queemail :&nbsp;mapro@mapro.czT\u00e9l\u00e9phone&nbsp;:+420 585 157 810Site web :&nbsp;http:\/\/www.mapro.cz\/en\/ Slovaquie MAPRO SLOVAKIA SPOL S.R.O OROVNICA 230 &hellip;<\/p>\n","protected":false},"author":1,"featured_media":0,"parent":0,"menu_order":0,"comment_status":"closed","ping_status":"closed","template":"","meta":{"footnotes":""},"class_list":["post-7441","page","type-page","status-publish","hentry"],"yoast_head":"<!-- This site is optimized with the Yoast SEO plugin v22.3 - https:\/\/yoast.com\/wordpress\/plugins\/seo\/ -->\n<title>Retailers - FKW Spiroflux<\/title>\n<meta name=\"robots\" content=\"index, follow, max-snippet:-1, max-image-preview:large, max-video-preview:-1\" \/>\n<link rel=\"canonical\" href=\"https:\/\/fkw-spiroflux.com\/nos-distributeurs\/\" \/>\n<meta property=\"og:locale\" content=\"en_US\" \/>\n<meta property=\"og:type\" content=\"article\" \/>\n<meta property=\"og:title\" content=\"Retailers - FKW Spiroflux\" \/>\n<meta property=\"og:description\" content=\"R\u00e9publique Tch\u00e8que Adresse&nbsp;:&nbsp;Bystrovany 211,779 00 Bystrovany,R\u00e9publique tch\u00e8queemail :&nbsp;mapro@mapro.czT\u00e9l\u00e9phone&nbsp;:+420 585 157 810Site web :&nbsp;http:\/\/www.mapro.cz\/en\/ Slovaquie MAPRO SLOVAKIA SPOL S.R.O OROVNICA 230 &hellip;\" \/>\n<meta property=\"og:url\" content=\"https:\/\/fkw-spiroflux.com\/nos-distributeurs\/\" \/>\n<meta property=\"og:site_name\" content=\"FKW Spiroflux\" \/>\n<meta property=\"article:modified_time\" content=\"2023-01-05T14:13:21+00:00\" \/>\n<meta property=\"og:image\" content=\"https:\/\/fkw-spiroflux.com\/wp-content\/uploads\/2016\/03\/logo-mapro.jpg\" \/>\n<meta name=\"twitter:label1\" content=\"Est. reading time\" \/>\n\t<meta name=\"twitter:data1\" content=\"1 minute\" \/>\n<script type=\"application\/ld+json\" class=\"yoast-schema-graph\">{\"@context\":\"https:\/\/schema.org\",\"@graph\":[{\"@type\":\"WebPage\",\"@id\":\"https:\/\/fkw-spiroflux.com\/nos-distributeurs\/\",\"url\":\"https:\/\/fkw-spiroflux.com\/nos-distributeurs\/\",\"name\":\"Retailers - FKW Spiroflux\",\"isPartOf\":{\"@id\":\"https:\/\/fkw-spiroflux.com\/#website\"},\"primaryImageOfPage\":{\"@id\":\"https:\/\/fkw-spiroflux.com\/nos-distributeurs\/#primaryimage\"},\"image\":{\"@id\":\"https:\/\/fkw-spiroflux.com\/nos-distributeurs\/#primaryimage\"},\"thumbnailUrl\":\"https:\/\/fkw-spiroflux.com\/wp-content\/uploads\/2016\/03\/logo-mapro.jpg\",\"datePublished\":\"2016-03-04T10:21:11+00:00\",\"dateModified\":\"2023-01-05T14:13:21+00:00\",\"breadcrumb\":{\"@id\":\"https:\/\/fkw-spiroflux.com\/nos-distributeurs\/#breadcrumb\"},\"inLanguage\":\"en-US\",\"potentialAction\":[{\"@type\":\"ReadAction\",\"target\":[\"https:\/\/fkw-spiroflux.com\/nos-distributeurs\/\"]}]},{\"@type\":\"ImageObject\",\"inLanguage\":\"en-US\",\"@id\":\"https:\/\/fkw-spiroflux.com\/nos-distributeurs\/#primaryimage\",\"url\":\"https:\/\/fkw-spiroflux.com\/wp-content\/uploads\/2016\/03\/logo-mapro.jpg\",\"contentUrl\":\"https:\/\/fkw-spiroflux.com\/wp-content\/uploads\/2016\/03\/logo-mapro.jpg\",\"width\":300,\"height\":91},{\"@type\":\"BreadcrumbList\",\"@id\":\"https:\/\/fkw-spiroflux.com\/nos-distributeurs\/#breadcrumb\",\"itemListElement\":[{\"@type\":\"ListItem\",\"position\":1,\"name\":\"Home\",\"item\":\"https:\/\/fkw-spiroflux.com\/en\/\"},{\"@type\":\"ListItem\",\"position\":2,\"name\":\"Retailers\"}]},{\"@type\":\"WebSite\",\"@id\":\"https:\/\/fkw-spiroflux.com\/#website\",\"url\":\"https:\/\/fkw-spiroflux.com\/\",\"name\":\"FKW Spiroflux\",\"description\":\"Gestion et ma\u00eetrise du flux mati\u00e8re\",\"publisher\":{\"@id\":\"https:\/\/fkw-spiroflux.com\/#organization\"},\"potentialAction\":[{\"@type\":\"SearchAction\",\"target\":{\"@type\":\"EntryPoint\",\"urlTemplate\":\"https:\/\/fkw-spiroflux.com\/?s={search_term_string}\"},\"query-input\":\"required name=search_term_string\"}],\"inLanguage\":\"en-US\"},{\"@type\":\"Organization\",\"@id\":\"https:\/\/fkw-spiroflux.com\/#organization\",\"name\":\"FKW Spiroflux\",\"url\":\"https:\/\/fkw-spiroflux.com\/\",\"logo\":{\"@type\":\"ImageObject\",\"inLanguage\":\"en-US\",\"@id\":\"https:\/\/fkw-spiroflux.com\/#\/schema\/logo\/image\/\",\"url\":\"https:\/\/fkw-spiroflux.com\/wp-content\/uploads\/2023\/01\/logo-fkw-spiroflux-site-mini.png\",\"contentUrl\":\"https:\/\/fkw-spiroflux.com\/wp-content\/uploads\/2023\/01\/logo-fkw-spiroflux-site-mini.png\",\"width\":300,\"height\":76,\"caption\":\"FKW Spiroflux\"},\"image\":{\"@id\":\"https:\/\/fkw-spiroflux.com\/#\/schema\/logo\/image\/\"},\"sameAs\":[\"https:\/\/www.linkedin.com\"]}]}<\/script>\n<!-- \/ Yoast SEO plugin. -->","yoast_head_json":{"title":"Retailers - FKW Spiroflux","robots":{"index":"index","follow":"follow","max-snippet":"max-snippet:-1","max-image-preview":"max-image-preview:large","max-video-preview":"max-video-preview:-1"},"canonical":"https:\/\/fkw-spiroflux.com\/nos-distributeurs\/","og_locale":"en_US","og_type":"article","og_title":"Retailers - FKW Spiroflux","og_description":"R\u00e9publique Tch\u00e8que Adresse&nbsp;:&nbsp;Bystrovany 211,779 00 Bystrovany,R\u00e9publique tch\u00e8queemail :&nbsp;mapro@mapro.czT\u00e9l\u00e9phone&nbsp;:+420 585 157 810Site web :&nbsp;http:\/\/www.mapro.cz\/en\/ Slovaquie MAPRO SLOVAKIA SPOL S.R.O OROVNICA 230 &hellip;","og_url":"https:\/\/fkw-spiroflux.com\/nos-distributeurs\/","og_site_name":"FKW Spiroflux","article_modified_time":"2023-01-05T14:13:21+00:00","og_image":[{"url":"https:\/\/fkw-spiroflux.com\/wp-content\/uploads\/2016\/03\/logo-mapro.jpg"}],"twitter_misc":{"Est. reading time":"1 minute"},"schema":{"@context":"https:\/\/schema.org","@graph":[{"@type":"WebPage","@id":"https:\/\/fkw-spiroflux.com\/nos-distributeurs\/","url":"https:\/\/fkw-spiroflux.com\/nos-distributeurs\/","name":"Retailers - FKW Spiroflux","isPartOf":{"@id":"https:\/\/fkw-spiroflux.com\/#website"},"primaryImageOfPage":{"@id":"https:\/\/fkw-spiroflux.com\/nos-distributeurs\/#primaryimage"},"image":{"@id":"https:\/\/fkw-spiroflux.com\/nos-distributeurs\/#primaryimage"},"thumbnailUrl":"https:\/\/fkw-spiroflux.com\/wp-content\/uploads\/2016\/03\/logo-mapro.jpg","datePublished":"2016-03-04T10:21:11+00:00","dateModified":"2023-01-05T14:13:21+00:00","breadcrumb":{"@id":"https:\/\/fkw-spiroflux.com\/nos-distributeurs\/#breadcrumb"},"inLanguage":"en-US","potentialAction":[{"@type":"ReadAction","target":["https:\/\/fkw-spiroflux.com\/nos-distributeurs\/"]}]},{"@type":"ImageObject","inLanguage":"en-US","@id":"https:\/\/fkw-spiroflux.com\/nos-distributeurs\/#primaryimage","url":"https:\/\/fkw-spiroflux.com\/wp-content\/uploads\/2016\/03\/logo-mapro.jpg","contentUrl":"https:\/\/fkw-spiroflux.com\/wp-content\/uploads\/2016\/03\/logo-mapro.jpg","width":300,"height":91},{"@type":"BreadcrumbList","@id":"https:\/\/fkw-spiroflux.com\/nos-distributeurs\/#breadcrumb","itemListElement":[{"@type":"ListItem","position":1,"name":"Home","item":"https:\/\/fkw-spiroflux.com\/en\/"},{"@type":"ListItem","position":2,"name":"Retailers"}]},{"@type":"WebSite","@id":"https:\/\/fkw-spiroflux.com\/#website","url":"https:\/\/fkw-spiroflux.com\/","name":"FKW Spiroflux","description":"Gestion et ma\u00eetrise du flux mati\u00e8re","publisher":{"@id":"https:\/\/fkw-spiroflux.com\/#organization"},"potentialAction":[{"@type":"SearchAction","target":{"@type":"EntryPoint","urlTemplate":"https:\/\/fkw-spiroflux.com\/?s={search_term_string}"},"query-input":"required name=search_term_string"}],"inLanguage":"en-US"},{"@type":"Organization","@id":"https:\/\/fkw-spiroflux.com\/#organization","name":"FKW Spiroflux","url":"https:\/\/fkw-spiroflux.com\/","logo":{"@type":"ImageObject","inLanguage":"en-US","@id":"https:\/\/fkw-spiroflux.com\/#\/schema\/logo\/image\/","url":"https:\/\/fkw-spiroflux.com\/wp-content\/uploads\/2023\/01\/logo-fkw-spiroflux-site-mini.png","contentUrl":"https:\/\/fkw-spiroflux.com\/wp-content\/uploads\/2023\/01\/logo-fkw-spiroflux-site-mini.png","width":300,"height":76,"caption":"FKW Spiroflux"},"image":{"@id":"https:\/\/fkw-spiroflux.com\/#\/schema\/logo\/image\/"},"sameAs":["https:\/\/www.linkedin.com"]}]}},"_links":{"self":[{"href":"https:\/\/fkw-spiroflux.com\/en\/wp-json\/wp\/v2\/pages\/7441","targetHints":{"allow":["GET"]}}],"collection":[{"href":"https:\/\/fkw-spiroflux.com\/en\/wp-json\/wp\/v2\/pages"}],"about":[{"href":"https:\/\/fkw-spiroflux.com\/en\/wp-json\/wp\/v2\/types\/page"}],"author":[{"embeddable":true,"href":"https:\/\/fkw-spiroflux.com\/en\/wp-json\/wp\/v2\/users\/1"}],"replies":[{"embeddable":true,"href":"https:\/\/fkw-spiroflux.com\/en\/wp-json\/wp\/v2\/comments?post=7441"}],"version-history":[{"count":1,"href":"https:\/\/fkw-spiroflux.com\/en\/wp-json\/wp\/v2\/pages\/7441\/revisions"}],"predecessor-version":[{"id":7448,"href":"https:\/\/fkw-spiroflux.com\/en\/wp-json\/wp\/v2\/pages\/7441\/revisions\/7448"}],"wp:attachment":[{"href":"https:\/\/fkw-spiroflux.com\/en\/wp-json\/wp\/v2\/media?parent=7441"}],"curies":[{"name":"wp","href":"https:\/\/api.w.org\/{rel}","templated":true}]}}